{"id":782,"date":"2021-09-16T16:19:39","date_gmt":"2021-09-16T19:19:39","guid":{"rendered":"https:\/\/nomadestudiocriativo.com.br\/carbonatech\/?post_type=product&#038;p=782"},"modified":"2024-03-20T13:18:15","modified_gmt":"2024-03-20T16:18:15","slug":"maquina-tribloco-automatica-para-latas-modelo-carbo-l-500","status":"publish","type":"product","link":"https:\/\/carbonatech.com.br\/fr\/produit\/maquina-tribloco-automatica-para-latas-modelo-carbo-l-500\/","title":{"rendered":"Machine automatique tribloc pour canettes mod\u00e8le Carbo L-500"},"content":{"rendered":"<p>L'op\u00e9rateur n'a plus qu'\u00e0 remplir les bidons et \u00e0 les retirer en fin de ligne de remplissage.<\/p>\n<p><strong>Technologie<\/strong><br \/>\nSyst\u00e8me de remplissage \u00e0 flux laminaire \u00e0 haute performance, assurant moins d'oxyg\u00e9nation et moins de perte de carbonatation de votre produit.<\/p>\n<p><strong>Connect\u00e9<\/strong><br \/>\nMachine con\u00e7ue pour l'industrie 4.0 avec acc\u00e8s \u00e0 distance via t\u00e9l\u00e9phone portable, tablette ou ordinateur. Avec g\u00e9n\u00e9ration de rapports de remplissage et v\u00e9ritable suivi de production.<\/p>\n<p><strong>\u00e9tanche<\/strong><br \/>\nLe seul \u00e9quipement du march\u00e9 avec fermeture \u00e9tanche, \u00e9liminant le besoin d'une salle de remplissage, \u00e9galement pr\u00e9par\u00e9 avec flux laminaire de CO\u00b2.<\/p>","protected":false},"excerpt":{"rendered":"<h5>Rinser<\/h5>\n<ul>\n<li>2 bouchons de rin\u00e7age avec tournant \u00e9lectrom\u00e9canique;<\/li>\n<li>Activer le rinser via un capteur de pr\u00e9sence;<\/li>\n<li>temps de rensage et d'\u00e9coulement programmables par l'op\u00e9rateur;<\/li>\n<li>L'acide perac\u00e9tique, l'ozone ou l'alcool peuvent \u00eatre utilis\u00e9s pour nettoyer les canettes;<\/li>\n<\/ul>\n<h5>Machine de remplissage avec syst\u00e8me exclusif \u00e0 flux laminaire<\/h5>\n<ul>\n<li>Machine de remplissage tribloc pour canettes (Rinser\/Remplissage\/Sertisseuse);<\/li>\n<li>Base en acier au carbone SAE 1020 peinte en \u00e9poxy et rev\u00eatement sup\u00e9rieur en AISI 304 acier inoxydable polie \u00e0 la brillance;<\/li>\n<li>Machine \u00e9tanche avec syst\u00e8me d'attente de flux de gaz inerte\u00a0;<\/li>\n<li>2 valves d'emballage de flux laminaire, construites en acier inoxydable AISI 304, en plastique d'ing\u00e9nierie et en gaffes en mat\u00e9riau toxique;<\/li>\n<li>Le syst\u00e8me de remplissage \u00e0 flux laminaire ne n\u00e9cessite pas de r\u00e9servoir pour le remplissage, ce qui permet d'importantes \u00e9conomies de CO2 et un risque moindre de contamination de la bi\u00e8re\u00a0;<\/li>\n<li>Purge du CO2 avant de commencer le remplissage, avec temps et pression programm\u00e9s par l'op\u00e9rateur, pour qu'il n'y ait aucun risque d'oxydation de la bi\u00e8re ;<\/li>\n<li>Remplissage immerg\u00e9, ce qui r\u00e9duit le risque d\u2019incorporation de DO dans la bi\u00e8re\u00a0;<\/li>\n<li>Ach\u00e8vement du processus de remplissage r\u00e9alis\u00e9 par un capteur de niveau num\u00e9rique, qui garantit que toute la bo\u00eete est au m\u00eame niveau ;<\/li>\n<li>Lampe d'inspection exclusive activ\u00e9e automatiquement au moment du remplissage\u00a0;<\/li>\n<li>Tr\u00e8s faible niveau de DO dans le produit final\u00a0;<\/li>\n<li>Production \u00e9lev\u00e9e, presque 3X plus rapide que le syst\u00e8me isobarique, en raison du syst\u00e8me d'emballage \u00e0 flux laminaire;<\/li>\n<\/ul>\n<h5>Sertisseuse automatique<\/h5>\n<ul>\n<li>1 T\u00eate de sertissage \u00e0 entra\u00eenement \u00e9lectropneumatique\u00a0;<\/li>\n<li>Sertissage r\u00e9alis\u00e9 en 2 temps avec 2 rouleaux de sertissage ;<\/li>\n<li>R\u00e9glage \u00e9lectrique de la hauteur effectu\u00e9 via l'IHM, pour diff\u00e9rents types de canettes\u00a0;<\/li>\n<li>S\u00e9lecteur pneumatique de couvercle de tiroir, avec alimentation par tour ;<\/li>\n<li>L'activation de la sertisseuse effectu\u00e9e par capteur de pr\u00e9sence, ne fonctionne que lorsque la bo\u00eete a le couvercle ferm\u00e9 ;<\/li>\n<li>Positionnement des canettes r\u00e9alis\u00e9 par v\u00e9rins pneumatiques\u00a0;<\/li>\n<li>Rouleaux de sertissage en acier inoxydable avec trempe sous vide et polissage des profils de sertissage ;<\/li>\n<\/ul>","protected":false},"featured_media":2307,"parent":0,"template":"","meta":[],"product_brand":[],"product_cat":[31],"product_tag":[],"vasilhame":[30],"setor":[25,24,26,23,38],"class_list":{"0":"post-782","1":"product","2":"type-product","3":"status-publish","4":"has-post-thumbnail","6":"product_cat-linha-carbopremium","7":"vasilhame-latas-de-aluminio","8":"setor-cerveja","9":"setor-energetico","10":"setor-espumante","11":"setor-refrigerante","12":"setor-vinho","14":"first","15":"instock","16":"shipping-taxable","17":"purchasable","18":"product-type-simple"},"_links":{"self":[{"href":"https:\/\/carbonatech.com.br\/fr\/wp-json\/wp\/v2\/product\/782","targetHints":{"allow":["GET"]}}],"collection":[{"href":"https:\/\/carbonatech.com.br\/fr\/wp-json\/wp\/v2\/product"}],"about":[{"href":"https:\/\/carbonatech.com.br\/fr\/wp-json\/wp\/v2\/types\/product"}],"version-history":[{"count":1,"href":"https:\/\/carbonatech.com.br\/fr\/wp-json\/wp\/v2\/product\/782\/revisions"}],"predecessor-version":[{"id":3444,"href":"https:\/\/carbonatech.com.br\/fr\/wp-json\/wp\/v2\/product\/782\/revisions\/3444"}],"wp:featuredmedia":[{"embeddable":true,"href":"https:\/\/carbonatech.com.br\/fr\/wp-json\/wp\/v2\/media\/2307"}],"wp:attachment":[{"href":"https:\/\/carbonatech.com.br\/fr\/wp-json\/wp\/v2\/media?parent=782"}],"wp:term":[{"taxonomy":"product_brand","embeddable":true,"href":"https:\/\/carbonatech.com.br\/fr\/wp-json\/wp\/v2\/product_brand?post=782"},{"taxonomy":"product_cat","embeddable":true,"href":"https:\/\/carbonatech.com.br\/fr\/wp-json\/wp\/v2\/product_cat?post=782"},{"taxonomy":"product_tag","embeddable":true,"href":"https:\/\/carbonatech.com.br\/fr\/wp-json\/wp\/v2\/product_tag?post=782"},{"taxonomy":"vasilhame","embeddable":true,"href":"https:\/\/carbonatech.com.br\/fr\/wp-json\/wp\/v2\/vasilhame?post=782"},{"taxonomy":"setor","embeddable":true,"href":"https:\/\/carbonatech.com.br\/fr\/wp-json\/wp\/v2\/setor?post=782"}],"curies":[{"name":"wp","href":"https:\/\/api.w.org\/{rel}","templated":true}]}}