{"id":759,"date":"2021-09-16T15:12:18","date_gmt":"2021-09-16T18:12:18","guid":{"rendered":"https:\/\/nomadestudiocriativo.com.br\/carbonatech\/?post_type=product&#038;p=759"},"modified":"2024-06-21T08:10:20","modified_gmt":"2024-06-21T11:10:20","slug":"maquina-tribloco-semiautomatica-para-latas-modelo-l-50","status":"publish","type":"product","link":"https:\/\/carbonatech.com.br\/fr\/produit\/maquina-tribloco-semiautomatica-para-latas-modelo-l-50\/","title":{"rendered":"M\u00e1quina Tribloco Semiautom\u00e1tica para Latas Modelo L-50"},"content":{"rendered":"<p>Avec elle, vous effectuez le lavage, le remplissage et le reclavage des bo\u00eetes dans le syst\u00e8me d'emballage \u00e0 flux laminaire. En option, il dispose \u00e9galement d\u2019un dispenser avec lampe UV.<\/p>\n<p><strong>Nombre de rhinoc\u00e9ros :<\/strong> 01<br \/>\n<strong>Nombre de valves de remplissage :<\/strong> 01<br \/>\n<strong>Nombre de tampons :<\/strong> 01<\/p>","protected":false},"excerpt":{"rendered":"<ul>\n<li>Machine de remplissage avec syst\u00e8me exclusif \u00e0 flux laminaire<\/li>\n<li>\u200bRemplit la bi\u00e8re directement \u00e0 partir de la cuve du fermenteur\u00a0;<\/li>\n<li>Retire l'oxyg\u00e8ne de la bo\u00eete en purgeant le CO2;<\/li>\n<li>R\u00e9gulation de la vitesse de remplissage\u00a0;<\/li>\n<li>01 vanne de remplissage \u00e0 flux laminaire, en acier inoxydable AISI 304, plastiques techniques et joints en mat\u00e9riau non toxique.<\/li>\n<li>Le syst\u00e8me de remplissage \u00e0 flux laminaire ne n\u00e9cessite pas de r\u00e9servoir pour le remplissage, ce qui permet d'importantes \u00e9conomies de CO2 et un risque moindre de contamination de la bi\u00e8re\u00a0;<\/li>\n<li>Purge du CO2 avant de commencer le remplissage, avec temps et pression programm\u00e9s par l'op\u00e9rateur, pour qu'il n'y ait aucun risque d'oxydation de la bi\u00e8re ;<\/li>\n<li>Remplissage immerg\u00e9, ce qui r\u00e9duit le risque d\u2019incorporation de DO dans la bi\u00e8re\u00a0;<\/li>\n<li>Ach\u00e8vement du processus de remplissage r\u00e9alis\u00e9 par un capteur de niveau num\u00e9rique, qui garantit que toute la bo\u00eete est au m\u00eame niveau ;<\/li>\n<li>Tr\u00e8s faible niveau de DO dans le produit final\u00a0;<\/li>\n<li>Production \u00e9lev\u00e9e, presque 3 fois plus rapide que le syst\u00e8me isobare, gr\u00e2ce au syst\u00e8me de remplissage \u00e0 flux laminaire.<\/li>\n<li>1 T\u00eate de sertissage \u00e0 entra\u00eenement \u00e9lectropneumatique\u00a0;<\/li>\n<li>Sertissage r\u00e9alis\u00e9 en 2 temps avec 2 rouleaux de sertissage ;<\/li>\n<li>Rouleaux de sertissage en acier inoxydable avec trempe sous vide et polissage des profils de sertissage ;<\/li>\n<\/ul>","protected":false},"featured_media":3648,"parent":0,"template":"","meta":[],"product_brand":[],"product_cat":[32],"product_tag":[],"vasilhame":[30],"setor":[25,26,23,38],"class_list":{"0":"post-759","1":"product","2":"type-product","3":"status-publish","4":"has-post-thumbnail","6":"product_cat-linha-de-envase-semiautomatica","7":"vasilhame-latas-de-aluminio","8":"setor-cerveja","9":"setor-espumante","10":"setor-refrigerante","11":"setor-vinho","13":"first","14":"instock","15":"shipping-taxable","16":"purchasable","17":"product-type-simple"},"_links":{"self":[{"href":"https:\/\/carbonatech.com.br\/fr\/wp-json\/wp\/v2\/product\/759","targetHints":{"allow":["GET"]}}],"collection":[{"href":"https:\/\/carbonatech.com.br\/fr\/wp-json\/wp\/v2\/product"}],"about":[{"href":"https:\/\/carbonatech.com.br\/fr\/wp-json\/wp\/v2\/types\/product"}],"version-history":[{"count":1,"href":"https:\/\/carbonatech.com.br\/fr\/wp-json\/wp\/v2\/product\/759\/revisions"}],"predecessor-version":[{"id":3449,"href":"https:\/\/carbonatech.com.br\/fr\/wp-json\/wp\/v2\/product\/759\/revisions\/3449"}],"wp:featuredmedia":[{"embeddable":true,"href":"https:\/\/carbonatech.com.br\/fr\/wp-json\/wp\/v2\/media\/3648"}],"wp:attachment":[{"href":"https:\/\/carbonatech.com.br\/fr\/wp-json\/wp\/v2\/media?parent=759"}],"wp:term":[{"taxonomy":"product_brand","embeddable":true,"href":"https:\/\/carbonatech.com.br\/fr\/wp-json\/wp\/v2\/product_brand?post=759"},{"taxonomy":"product_cat","embeddable":true,"href":"https:\/\/carbonatech.com.br\/fr\/wp-json\/wp\/v2\/product_cat?post=759"},{"taxonomy":"product_tag","embeddable":true,"href":"https:\/\/carbonatech.com.br\/fr\/wp-json\/wp\/v2\/product_tag?post=759"},{"taxonomy":"vasilhame","embeddable":true,"href":"https:\/\/carbonatech.com.br\/fr\/wp-json\/wp\/v2\/vasilhame?post=759"},{"taxonomy":"setor","embeddable":true,"href":"https:\/\/carbonatech.com.br\/fr\/wp-json\/wp\/v2\/setor?post=759"}],"curies":[{"name":"wp","href":"https:\/\/api.w.org\/{rel}","templated":true}]}}