{"id":607,"date":"2021-09-15T18:24:22","date_gmt":"2021-09-15T21:24:22","guid":{"rendered":"https:\/\/nomadestudiocriativo.com.br\/carbonatech\/?post_type=product&#038;p=607"},"modified":"2023-02-25T12:58:34","modified_gmt":"2023-02-25T15:58:34","slug":"estacao-de-envase-semiautomatica-modelo-g-200","status":"publish","type":"product","link":"https:\/\/carbonatech.com.br\/fr\/produit\/estacao-de-envase-semiautomatica-modelo-g-200\/","title":{"rendered":"Station d'emballage semi-automatique mod\u00e8le G-200"},"content":{"rendered":"<p>Pet? La Lata? La bouteille? Dans le m\u00eame \u00e9quipement, vous n'avez pas besoin de d\u00e9cider, notre \u00e9quipement semi-automatique remplit et tamponne les 3 mod\u00e8les de vaisselle de mani\u00e8re semi-automatis\u00e9e.<\/p>\n<p><strong>Nombre de valves du rinser :<\/strong> 02<br \/>\n<strong>Nombre de valves de remplissage :<\/strong> 02<br \/>\n<strong>Nombre de tampons :<\/strong> 01<\/p>","protected":false},"excerpt":{"rendered":"<h5>\u00c9quipement pour emballer des bouteilles et des bo\u00eetes<\/h5>\n<ul>\n<li>Emballer la bi\u00e8re directement du r\u00e9servoir de fermentation.<\/li>\n<li>Retire l'oxyg\u00e8ne de la bouteille par pression positive de CO2<\/li>\n<li>R\u00e9gulation de la vitesse de remplissage\u00a0;<\/li>\n<li>La seule soupape sur le march\u00e9 qui poss\u00e8de un emballage sous-marin, g\u00e9n\u00e9rant moins de pertes par mousse;<\/li>\n<li>Changement rapide des aiguilles ;<\/li>\n<li>double <em>sniff<\/em>;<\/li>\n<li>Syst\u00e8me d\u2019emballage am\u00e9ricain ;<\/li>\n<li>Valve de technologie exclusive Carbonatech;<\/li>\n<li>Inclusion de <strong>Contr\u00f4le de la pression du CO2<\/strong> dans l\u2019\u00e9quipement ;<\/li>\n<li>Rincez avec un r\u00e9servoir pour solution sanitaire;<\/li>\n<li>La bombe de <strong>AISI 304 inoxydable<\/strong> avec actionnement temporis\u00e9<\/li>\n<li><strong>IHM 7&#8242;<\/strong>&#8216; <em>\u00c9cran tactile en couleur<\/em> de haute d\u00e9finition ;<\/li>\n<li>G\u00e9n\u00e9ration de rapports d\u2019emballage via USB;<\/li>\n<li>L'emballage est termin\u00e9 par un capteur de niveau, et non par le temps;<\/li>\n<li>Projet \u00e9lectrique <strong>SafeEnergy<\/strong>d\u00e9penser moins d\u2019\u00e9lectricit\u00e9 ;<\/li>\n<li>Valves de r\u00e9tention \u00e0 l'entr\u00e9e de CO2 et de bi\u00e8re.<\/li>\n<li>Coletor de pingos;<\/li>\n<li>\u00c9quipement enti\u00e8rement \u00e9lectrique, ne n\u00e9cessite pas d'air comprim\u00e9 pour fonctionner<\/li>\n<li>Lampes d\u2019inspection<\/li>\n<li>Enveloppe la bi\u00e8re directement du r\u00e9servoir de fermentation, il n'a pas de r\u00e9serve dans l'\u00e9quipement, ce qui fournit un point de<\/li>\n<li>Moins de pollution et beaucoup d'\u00e9conomies de CO2<\/li>\n<li>\u200b<strong>Syst\u00e8me CIP automatique<\/strong>pour nettoyer l\u2019\u00e9quipement.<\/li>\n<li>Cylindres de manutention auto-lubrifiants, la machine n'a pas de points de lubrification.<\/li>\n<\/ul>","protected":false},"featured_media":2301,"parent":0,"template":"","meta":[],"product_brand":[],"product_cat":[32],"product_tag":[],"vasilhame":[33,29,30],"setor":[22,25,40,24,26,23],"class_list":{"0":"post-607","1":"product","2":"type-product","3":"status-publish","4":"has-post-thumbnail","6":"product_cat-linha-de-envase-semiautomatica","7":"vasilhame-garrafa-pet","8":"vasilhame-garrafas-de-vidro","9":"vasilhame-latas-de-aluminio","10":"setor-agua-com-gas","11":"setor-cerveja","12":"setor-destilado","13":"setor-energetico","14":"setor-espumante","15":"setor-refrigerante","17":"first","18":"instock","19":"shipping-taxable","20":"purchasable","21":"product-type-simple"},"_links":{"self":[{"href":"https:\/\/carbonatech.com.br\/fr\/wp-json\/wp\/v2\/product\/607","targetHints":{"allow":["GET"]}}],"collection":[{"href":"https:\/\/carbonatech.com.br\/fr\/wp-json\/wp\/v2\/product"}],"about":[{"href":"https:\/\/carbonatech.com.br\/fr\/wp-json\/wp\/v2\/types\/product"}],"version-history":[{"count":1,"href":"https:\/\/carbonatech.com.br\/fr\/wp-json\/wp\/v2\/product\/607\/revisions"}],"predecessor-version":[{"id":3573,"href":"https:\/\/carbonatech.com.br\/fr\/wp-json\/wp\/v2\/product\/607\/revisions\/3573"}],"wp:featuredmedia":[{"embeddable":true,"href":"https:\/\/carbonatech.com.br\/fr\/wp-json\/wp\/v2\/media\/2301"}],"wp:attachment":[{"href":"https:\/\/carbonatech.com.br\/fr\/wp-json\/wp\/v2\/media?parent=607"}],"wp:term":[{"taxonomy":"product_brand","embeddable":true,"href":"https:\/\/carbonatech.com.br\/fr\/wp-json\/wp\/v2\/product_brand?post=607"},{"taxonomy":"product_cat","embeddable":true,"href":"https:\/\/carbonatech.com.br\/fr\/wp-json\/wp\/v2\/product_cat?post=607"},{"taxonomy":"product_tag","embeddable":true,"href":"https:\/\/carbonatech.com.br\/fr\/wp-json\/wp\/v2\/product_tag?post=607"},{"taxonomy":"vasilhame","embeddable":true,"href":"https:\/\/carbonatech.com.br\/fr\/wp-json\/wp\/v2\/vasilhame?post=607"},{"taxonomy":"setor","embeddable":true,"href":"https:\/\/carbonatech.com.br\/fr\/wp-json\/wp\/v2\/setor?post=607"}],"curies":[{"name":"wp","href":"https:\/\/api.w.org\/{rel}","templated":true}]}}