{"id":394,"date":"2021-09-21T19:49:28","date_gmt":"2021-09-21T22:49:28","guid":{"rendered":"https:\/\/nomadestudiocriativo.com.br\/carbonatech\/?post_type=product&#038;p=394"},"modified":"2024-09-18T09:47:06","modified_gmt":"2024-09-18T12:47:06","slug":"tribloco-g600","status":"publish","type":"product","link":"https:\/\/carbonatech.com.br\/fr\/produit\/tribloco-g600\/","title":{"rendered":"\/\u00a0Machine automatique tribloc pour bouteilles mod\u00e8le Carbo G-600"},"content":{"rendered":"<p><strong>R\u00e9frig\u00e9ration automatique<\/strong><\/p>\n<p>Cuve avec pr\u00e9paration pour r\u00e9frig\u00e9ration automatique \u00e0 travers des serpentins pour passage de glycol.\u200b<\/p>\n<p><strong>Connect\u00e9<\/strong><\/p>\n<p>Machine con\u00e7ue pour l'industrie 4.0 avec acc\u00e8s \u00e0 distance via t\u00e9l\u00e9phone portable, tablette ou ordinateur. Avec g\u00e9n\u00e9ration de rapports de remplissage et v\u00e9ritable suivi de production.<\/p>\n<p><strong>\u00e9tanche<\/strong><\/p>\n<p>\u00danico equipamento do mercado com fechamento estanque, dispensando sala de envase.<\/p>\n<p><strong>\u200b<\/strong><strong>Nombre de valves de remplissage :<\/strong> 04<br \/>\n\u200b<strong>Nombre de valves de rin\u00e7age :<\/strong> 04<br \/>\n<strong>Nombre de tampons :<\/strong> 01<\/p>","protected":false},"excerpt":{"rendered":"<h5><strong>Rinser<\/strong><\/h5>\n<ul>\n<li>4 buses de rin\u00e7age avec retourneur \u00e9lectrom\u00e9canique\u00a0;<\/li>\n<li>Activation de la rinceuse gr\u00e2ce \u00e0 2 capteurs de pr\u00e9sence\u00a0;<\/li>\n<li>temps de rensage et d'\u00e9coulement programmables par l'op\u00e9rateur;<\/li>\n<li>De l'acide perac\u00e9tique, de l'ozone ou de l'alcool peuvent \u00eatre utilis\u00e9s pour nettoyer les bouteilles ;<\/li>\n<\/ul>\n<p>\u200b<\/p>\n<h5><strong>Machine de remplissage isobare<\/strong><\/h5>\n<ul>\n<li>Remplisseuse tribloc pour bouteilles (Rinceuse\/Remplissage\/Cappeuse) ;<\/li>\n<li>Base en acier au carbone <strong>SAE 1020<\/strong> peint en \u00e9poxy et top coat en inox <strong>AISI 304<\/strong> polido ao brilho;<\/li>\n<li>Machine \u00e9tanche avec syst\u00e8me d'attente de flux de gaz inerte\u00a0;<\/li>\n<li>4 vannes de remplissage isobares, en acier inoxydable <strong>AISI 304<\/strong>, plastiques techniques et joints en mat\u00e9riaux non toxiques\u00a0;<\/li>\n<li>Cuve construite en acier inoxydable <strong>AISI 304<\/strong> poli (interne et externe), avec contr\u00f4le automatique du niveau par \u00e9lectrodes de niveau num\u00e9riques, r\u00e9gulateur d'entr\u00e9e de dioxyde de carbone, manom\u00e8tre num\u00e9rique, soupape de surpression, soupape de s\u00e9curit\u00e9 et vanne \u00e0 bille pour l'entr\u00e9e du produit\u00a0;<\/li>\n<li>Nombre et heures de vides programmables par l'op\u00e9rateur\u00a0;<\/li>\n<li>Quantit\u00e9 et heure de <em>renifle<\/em> (d\u00e9compressions) programmables par l'op\u00e9rateur\u00a0;<\/li>\n<li>Pression de travail et chargement du r\u00e9servoir programmables par l'op\u00e9rateur\u00a0;<\/li>\n<li>Serpentin exclusif de glycol dans le r\u00e9servoir de remplissage pour garder la bi\u00e8re froide\u00a0;<\/li>\n<li>R\u00e9glage \u00e9lectrique de la hauteur du r\u00e9servoir activ\u00e9 par <strong>IHM<\/strong>;<\/li>\n<li>Filetage sans fin pour le positionnement des bouteilles dans les vannes de remplissage\u00a0;<\/li>\n<li>Lampes d'inspection exclusives activ\u00e9es automatiquement au moment du remplissage\u00a0;<\/li>\n<li>\u00c9cran d'inspection du r\u00e9servoir \u00e0 l'avant, pour une meilleure visibilit\u00e9 de l'op\u00e9rateur\u00a0;<\/li>\n<li>Toutes les \u00e9tapes de remplissage se font automatiquement.<\/li>\n<\/ul>\n<p>&nbsp;<\/p>\n<h5><strong>Capsuleuse automatique<\/strong><\/h5>\n<ul>\n<li>1 t\u00eate de bouchage \u00e0 entra\u00eenement \u00e9lectrom\u00e9canique\u00a0;<\/li>\n<li>Coiffage r\u00e9alis\u00e9 \u00e0 l'aide d'une came entra\u00een\u00e9e par un moto-r\u00e9ducteur ;<\/li>\n<li>R\u00e9glage de la hauteur pour diff\u00e9rents types de bouteilles\u00a0;<\/li>\n<li>Classificateur \u00e0 couvercle vibrant avec capteur qui s'arr\u00eate lorsque la goulotte est pleine ;<\/li>\n<li>L'activation de la capsuleuse r\u00e9alis\u00e9e par capteur de pr\u00e9sence, ne fonctionne qu'en pr\u00e9sence de bouteilles ;<\/li>\n<li>\u00c9toile de positionnement entra\u00een\u00e9e par servomoteur\u00a0;<\/li>\n<li>T\u00eate en acier inoxydable <strong>AISI 304<\/strong> avec aimants pour un positionnement pr\u00e9cis des couvercles ;<\/li>\n<li>Arbre de r\u00e9glage enti\u00e8rement en acier inoxydable <strong>AISI 304<\/strong>.<\/li>\n<\/ul>","protected":false},"featured_media":3778,"parent":0,"template":"","meta":[],"product_brand":[],"product_cat":[31],"product_tag":[],"vasilhame":[33,29],"setor":[22,25,26,23],"class_list":{"0":"post-394","1":"product","2":"type-product","3":"status-publish","4":"has-post-thumbnail","6":"product_cat-linha-carbopremium","7":"vasilhame-garrafa-pet","8":"vasilhame-garrafas-de-vidro","9":"setor-agua-com-gas","10":"setor-cerveja","11":"setor-espumante","12":"setor-refrigerante","14":"first","15":"instock","16":"shipping-taxable","17":"purchasable","18":"product-type-simple"},"_links":{"self":[{"href":"https:\/\/carbonatech.com.br\/fr\/wp-json\/wp\/v2\/product\/394","targetHints":{"allow":["GET"]}}],"collection":[{"href":"https:\/\/carbonatech.com.br\/fr\/wp-json\/wp\/v2\/product"}],"about":[{"href":"https:\/\/carbonatech.com.br\/fr\/wp-json\/wp\/v2\/types\/product"}],"version-history":[{"count":1,"href":"https:\/\/carbonatech.com.br\/fr\/wp-json\/wp\/v2\/product\/394\/revisions"}],"predecessor-version":[{"id":3692,"href":"https:\/\/carbonatech.com.br\/fr\/wp-json\/wp\/v2\/product\/394\/revisions\/3692"}],"wp:featuredmedia":[{"embeddable":true,"href":"https:\/\/carbonatech.com.br\/fr\/wp-json\/wp\/v2\/media\/3778"}],"wp:attachment":[{"href":"https:\/\/carbonatech.com.br\/fr\/wp-json\/wp\/v2\/media?parent=394"}],"wp:term":[{"taxonomy":"product_brand","embeddable":true,"href":"https:\/\/carbonatech.com.br\/fr\/wp-json\/wp\/v2\/product_brand?post=394"},{"taxonomy":"product_cat","embeddable":true,"href":"https:\/\/carbonatech.com.br\/fr\/wp-json\/wp\/v2\/product_cat?post=394"},{"taxonomy":"product_tag","embeddable":true,"href":"https:\/\/carbonatech.com.br\/fr\/wp-json\/wp\/v2\/product_tag?post=394"},{"taxonomy":"vasilhame","embeddable":true,"href":"https:\/\/carbonatech.com.br\/fr\/wp-json\/wp\/v2\/vasilhame?post=394"},{"taxonomy":"setor","embeddable":true,"href":"https:\/\/carbonatech.com.br\/fr\/wp-json\/wp\/v2\/setor?post=394"}],"curies":[{"name":"wp","href":"https:\/\/api.w.org\/{rel}","templated":true}]}}