{"id":3833,"date":"2025-02-14T16:19:45","date_gmt":"2025-02-14T19:19:45","guid":{"rendered":"https:\/\/carbonatech.com.br\/?post_type=product&#038;p=3833"},"modified":"2025-04-09T15:31:04","modified_gmt":"2025-04-09T18:31:04","slug":"envasadora-e-recravadora-carbo-cp-10","status":"publish","type":"product","link":"https:\/\/carbonatech.com.br\/fr\/produit\/envasadora-e-recravadora-carbo-cp-10\/","title":{"rendered":"Envasadora e Recravadora Carbo CP-10"},"content":{"rendered":"","protected":false},"excerpt":{"rendered":"<ul>\n<li class=\"\" data-start=\"214\" data-end=\"276\">\n<p class=\"\" data-start=\"216\" data-end=\"276\">Base em a\u00e7o carbono, garantindo alta resist\u00eancia mec\u00e2nica.<\/p>\n<\/li>\n<li class=\"\" data-start=\"277\" data-end=\"333\">\n<p class=\"\" data-start=\"279\" data-end=\"333\">Revestimento superior em a\u00e7o inox escovado AISI 304.<\/p>\n<\/li>\n<li class=\"\" data-start=\"334\" data-end=\"435\">\n<p class=\"\" data-start=\"336\" data-end=\"435\">10 v\u00e1lvulas de envase isoeletr\u00f4nico em inox AISI 304, pl\u00e1sticos de engenharia e gaxetas at\u00f3xicas.<\/p>\n<\/li>\n<li class=\"\" data-start=\"436\" data-end=\"552\">\n<p class=\"\" data-start=\"438\" data-end=\"552\">Expurgo autom\u00e1tico de CO\u2082 antes do envase, com tempo e press\u00e3o program\u00e1veis para redu\u00e7\u00e3o do oxig\u00eanio dissolvido.<\/p>\n<\/li>\n<li class=\"\" data-start=\"553\" data-end=\"636\">\n<p class=\"\" data-start=\"555\" data-end=\"636\">Controle de n\u00edvel por medidor de vaz\u00e3o digital, que garante precis\u00e3o no envase.<\/p>\n<\/li>\n<li class=\"\" data-start=\"637\" data-end=\"716\">\n<p class=\"\" data-start=\"639\" data-end=\"716\">Processo com equaliza\u00e7\u00e3o de press\u00f5es, ideal para produtos hiper carbonatados.<\/p>\n<\/li>\n<\/ul>","protected":false},"featured_media":3943,"parent":0,"template":"","meta":[],"product_brand":[],"product_cat":[92,31],"product_tag":[],"vasilhame":[30],"setor":[22,24,23],"class_list":{"0":"post-3833","1":"product","2":"type-product","3":"status-publish","4":"has-post-thumbnail","6":"product_cat-carboexport","7":"product_cat-linha-carbopremium","8":"vasilhame-latas-de-aluminio","9":"setor-agua-com-gas","10":"setor-energetico","11":"setor-refrigerante","13":"first","14":"instock","15":"shipping-taxable","16":"purchasable","17":"product-type-simple"},"_links":{"self":[{"href":"https:\/\/carbonatech.com.br\/fr\/wp-json\/wp\/v2\/product\/3833","targetHints":{"allow":["GET"]}}],"collection":[{"href":"https:\/\/carbonatech.com.br\/fr\/wp-json\/wp\/v2\/product"}],"about":[{"href":"https:\/\/carbonatech.com.br\/fr\/wp-json\/wp\/v2\/types\/product"}],"version-history":[{"count":3,"href":"https:\/\/carbonatech.com.br\/fr\/wp-json\/wp\/v2\/product\/3833\/revisions"}],"predecessor-version":[{"id":3945,"href":"https:\/\/carbonatech.com.br\/fr\/wp-json\/wp\/v2\/product\/3833\/revisions\/3945"}],"wp:featuredmedia":[{"embeddable":true,"href":"https:\/\/carbonatech.com.br\/fr\/wp-json\/wp\/v2\/media\/3943"}],"wp:attachment":[{"href":"https:\/\/carbonatech.com.br\/fr\/wp-json\/wp\/v2\/media?parent=3833"}],"wp:term":[{"taxonomy":"product_brand","embeddable":true,"href":"https:\/\/carbonatech.com.br\/fr\/wp-json\/wp\/v2\/product_brand?post=3833"},{"taxonomy":"product_cat","embeddable":true,"href":"https:\/\/carbonatech.com.br\/fr\/wp-json\/wp\/v2\/product_cat?post=3833"},{"taxonomy":"product_tag","embeddable":true,"href":"https:\/\/carbonatech.com.br\/fr\/wp-json\/wp\/v2\/product_tag?post=3833"},{"taxonomy":"vasilhame","embeddable":true,"href":"https:\/\/carbonatech.com.br\/fr\/wp-json\/wp\/v2\/vasilhame?post=3833"},{"taxonomy":"setor","embeddable":true,"href":"https:\/\/carbonatech.com.br\/fr\/wp-json\/wp\/v2\/setor?post=3833"}],"curies":[{"name":"wp","href":"https:\/\/api.w.org\/{rel}","templated":true}]}}