{"id":2778,"date":"2023-10-30T16:31:41","date_gmt":"2023-10-30T19:31:41","guid":{"rendered":"https:\/\/www.carbonatech.com.br\/?post_type=product&#038;p=2778"},"modified":"2025-03-10T11:44:44","modified_gmt":"2025-03-10T14:44:44","slug":"carbo-esg-300","status":"publish","type":"product","link":"https:\/\/carbonatech.com.br\/fr\/produit\/carbo-esg-300\/","title":{"rendered":"Carbo ESG-300"},"content":{"rendered":"<p>Emballez diff\u00e9rentes bouteilles de qualit\u00e9 et de fiabilit\u00e9 dans un seul appareil<\/p>\n<p><strong>Nombre de valves du rinser : 4<br \/>\n<\/strong><strong>Nombre de boutons de remplissage : 4<\/strong><\/p>","protected":false},"excerpt":{"rendered":"<ul>\n<li><strong>Capacit\u00e9 de rin\u00e7age et d'emballage :<\/strong> l'ESG-300 dispose de quatre boucles de rin\u00e7age et de quatre bo\u00eetes d'emballage isobariques, ce qui permet une augmentation de l'efficacit\u00e9 et de la productivit\u00e9 sur la ligne de conditionnement;<\/li>\n<li><strong>Technologie de vide :<\/strong> l'\u00e9quipement retire l'oxyg\u00e8ne pr\u00e9sent dans la bouteille avant l'emballage, ce qui aide \u00e0 prolonger la dur\u00e9e de vie et la qualit\u00e9 du produit tout en le gardant frais plus longtemps;<\/li>\n<li><strong>Contr\u00f4le pr\u00e9cis :<\/strong> le syst\u00e8me permet d'ajuster la pression, le temps de vide et le volume d'emballage tout au long du processus;<\/li>\n<li><strong>Design durable et hygi\u00e9nique :<\/strong> fabriqu\u00e9 avec des mat\u00e9riaux de haute qualit\u00e9, garantissant la durabilit\u00e9 et la r\u00e9sistance. En outre, la conception de la machine facilite le nettoyage et l'entretien, en suivant les meilleures pratiques d'hygi\u00e8ne et de s\u00e9curit\u00e9 alimentaire;<\/li>\n<li><strong>Compatibilit\u00e9 :<\/strong> compatible avec une vari\u00e9t\u00e9 de bouteilles, permettant l'utilisation dans diff\u00e9rentes tailles et formats, en s'adaptant aux besoins sp\u00e9cifiques de votre produit;<\/li>\n<li><strong>Int\u00e9gration facile :<\/strong> Il peut \u00eatre facilement int\u00e9gr\u00e9 \u00e0 la production existante. Nos techniciens sp\u00e9cialis\u00e9s sont \u00e0 votre disposition pour vous aider tout au long du processus d'installation et de formation de l'\u00e9quipe.<\/li>\n<\/ul>","protected":false},"featured_media":3656,"parent":0,"template":"","meta":[],"product_brand":[],"product_cat":[96],"product_tag":[],"vasilhame":[33,29],"setor":[22,25,40,26,38],"class_list":{"0":"post-2778","1":"product","2":"type-product","3":"status-publish","4":"has-post-thumbnail","6":"product_cat-linha-ona","7":"vasilhame-garrafa-pet","8":"vasilhame-garrafas-de-vidro","9":"setor-agua-com-gas","10":"setor-cerveja","11":"setor-destilado","12":"setor-espumante","13":"setor-vinho","15":"first","16":"instock","17":"shipping-taxable","18":"purchasable","19":"product-type-simple"},"_links":{"self":[{"href":"https:\/\/carbonatech.com.br\/fr\/wp-json\/wp\/v2\/product\/2778","targetHints":{"allow":["GET"]}}],"collection":[{"href":"https:\/\/carbonatech.com.br\/fr\/wp-json\/wp\/v2\/product"}],"about":[{"href":"https:\/\/carbonatech.com.br\/fr\/wp-json\/wp\/v2\/types\/product"}],"version-history":[{"count":4,"href":"https:\/\/carbonatech.com.br\/fr\/wp-json\/wp\/v2\/product\/2778\/revisions"}],"predecessor-version":[{"id":2790,"href":"https:\/\/carbonatech.com.br\/fr\/wp-json\/wp\/v2\/product\/2778\/revisions\/2790"}],"wp:featuredmedia":[{"embeddable":true,"href":"https:\/\/carbonatech.com.br\/fr\/wp-json\/wp\/v2\/media\/3656"}],"wp:attachment":[{"href":"https:\/\/carbonatech.com.br\/fr\/wp-json\/wp\/v2\/media?parent=2778"}],"wp:term":[{"taxonomy":"product_brand","embeddable":true,"href":"https:\/\/carbonatech.com.br\/fr\/wp-json\/wp\/v2\/product_brand?post=2778"},{"taxonomy":"product_cat","embeddable":true,"href":"https:\/\/carbonatech.com.br\/fr\/wp-json\/wp\/v2\/product_cat?post=2778"},{"taxonomy":"product_tag","embeddable":true,"href":"https:\/\/carbonatech.com.br\/fr\/wp-json\/wp\/v2\/product_tag?post=2778"},{"taxonomy":"vasilhame","embeddable":true,"href":"https:\/\/carbonatech.com.br\/fr\/wp-json\/wp\/v2\/vasilhame?post=2778"},{"taxonomy":"setor","embeddable":true,"href":"https:\/\/carbonatech.com.br\/fr\/wp-json\/wp\/v2\/setor?post=2778"}],"curies":[{"name":"wp","href":"https:\/\/api.w.org\/{rel}","templated":true}]}}