{"id":2708,"date":"2023-07-03T15:09:49","date_gmt":"2023-07-03T18:09:49","guid":{"rendered":"https:\/\/www.carbonatech.com.br\/?post_type=product&#038;p=2708"},"modified":"2025-02-24T10:09:58","modified_gmt":"2025-02-24T13:09:58","slug":"envasadora-e-recravadora-carbo-ct-10","status":"publish","type":"product","link":"https:\/\/carbonatech.com.br\/fr\/produit\/envasadora-e-recravadora-carbo-ct-10\/","title":{"rendered":"Machine de remplissage et de scellage Carbo CT-10"},"content":{"rendered":"<p><strong>Nombre de paquets d'emballage :<\/strong> 10<br \/>\n<b>Nombre de recruteurs : 02<\/b><\/p>","protected":false},"excerpt":{"rendered":"<ul>\n<li><strong>Technologie exclusive :<\/strong> remplissage \u00e0 flux laminaire, avec 10 buses de remplissage pour un remplissage pr\u00e9cis et efficace\u00a0;<\/li>\n<li><strong>Re-sertissage en deux \u00e9tapes\u00a0:<\/strong> sertissage des bo\u00eetes r\u00e9alis\u00e9 par deux rouleaux de sertissage, ce qui garantit une fermeture parfaite et s\u00fbre ;<\/li>\n<li><strong>Efficacit\u00e9 op\u00e9rationnelle :<\/strong> une productivit\u00e9 accrue et des co\u00fbts r\u00e9duits gr\u00e2ce au flux laminaire et aux faibles niveaux d'oxyg\u00e8ne dissous dans le produit final\u00a0;<\/li>\n<li><strong>Versatilit\u00e9 :<\/strong> adaptable \u00e0 une grande vari\u00e9t\u00e9 de produits liquides;<\/li>\n<li><strong>fiabilit\u00e9 :<\/strong> pes\u00e9e automatique de toutes les bo\u00eetes remplies, en \u00e9liminant celles qui d\u00e9passent le poids programm\u00e9 par l'op\u00e9rateur.<\/li>\n<\/ul>","protected":false},"featured_media":2709,"parent":0,"template":"","meta":[],"product_brand":[],"product_cat":[31,92],"product_tag":[],"vasilhame":[30],"setor":[25,26,38],"class_list":{"0":"post-2708","1":"product","2":"type-product","3":"status-publish","4":"has-post-thumbnail","6":"product_cat-linha-carbopremium","7":"product_cat-carboexport","8":"vasilhame-latas-de-aluminio","9":"setor-cerveja","10":"setor-espumante","11":"setor-vinho","13":"first","14":"instock","15":"shipping-taxable","16":"purchasable","17":"product-type-simple"},"_links":{"self":[{"href":"https:\/\/carbonatech.com.br\/fr\/wp-json\/wp\/v2\/product\/2708","targetHints":{"allow":["GET"]}}],"collection":[{"href":"https:\/\/carbonatech.com.br\/fr\/wp-json\/wp\/v2\/product"}],"about":[{"href":"https:\/\/carbonatech.com.br\/fr\/wp-json\/wp\/v2\/types\/product"}],"version-history":[{"count":2,"href":"https:\/\/carbonatech.com.br\/fr\/wp-json\/wp\/v2\/product\/2708\/revisions"}],"predecessor-version":[{"id":2936,"href":"https:\/\/carbonatech.com.br\/fr\/wp-json\/wp\/v2\/product\/2708\/revisions\/2936"}],"wp:featuredmedia":[{"embeddable":true,"href":"https:\/\/carbonatech.com.br\/fr\/wp-json\/wp\/v2\/media\/2709"}],"wp:attachment":[{"href":"https:\/\/carbonatech.com.br\/fr\/wp-json\/wp\/v2\/media?parent=2708"}],"wp:term":[{"taxonomy":"product_brand","embeddable":true,"href":"https:\/\/carbonatech.com.br\/fr\/wp-json\/wp\/v2\/product_brand?post=2708"},{"taxonomy":"product_cat","embeddable":true,"href":"https:\/\/carbonatech.com.br\/fr\/wp-json\/wp\/v2\/product_cat?post=2708"},{"taxonomy":"product_tag","embeddable":true,"href":"https:\/\/carbonatech.com.br\/fr\/wp-json\/wp\/v2\/product_tag?post=2708"},{"taxonomy":"vasilhame","embeddable":true,"href":"https:\/\/carbonatech.com.br\/fr\/wp-json\/wp\/v2\/vasilhame?post=2708"},{"taxonomy":"setor","embeddable":true,"href":"https:\/\/carbonatech.com.br\/fr\/wp-json\/wp\/v2\/setor?post=2708"}],"curies":[{"name":"wp","href":"https:\/\/api.w.org\/{rel}","templated":true}]}}