{"id":2575,"date":"2023-03-07T12:01:40","date_gmt":"2023-03-07T15:01:40","guid":{"rendered":"https:\/\/www.carbonatech.com.br\/?post_type=product&#038;p=2575"},"modified":"2024-06-21T08:29:23","modified_gmt":"2024-06-21T11:29:23","slug":"tribloco-rotativa-rp-1000","status":"publish","type":"product","link":"https:\/\/carbonatech.com.br\/fr\/produit\/tribloco-rotativa-rp-1000\/","title":{"rendered":"Remplisseuse tribloc rotative Carbo RP-1000"},"content":{"rendered":"<p>Soucieux d'apporter encore plus d'\u00e9volution et de croissance aux services de nos clients, nous pr\u00e9sentons notre nouvelle gamme de machines avec syst\u00e8me de remplissage rotatif. Avec une production initiale de 1000 litres\/heure, le RP-1000 dispose de 12 buses de rin\u00e7age, 12 buses de remplissage et 4 t\u00eates de fermeture des bouteilles PET.<\/p>\n<p><strong>Buses de rin\u00e7age :<\/strong> 12<br \/>\n<strong>Buses de remplissage\u00a0:<\/strong> 12<br \/>\n<strong>T\u00eates\u00a0:<\/strong> 04<\/p>","protected":false},"excerpt":{"rendered":"<ul>\n<li>Machine d\u00e9velopp\u00e9e pour le remplissage de bouteilles PET ;<\/li>\n<li>Aucune configuration requise pour diff\u00e9rentes bouteilles\u00a0;<\/li>\n<li>Rinceuse avec distributeur pour un syst\u00e8me totalement hygi\u00e9nique et facile \u00e0 nettoyer ;<\/li>\n<li>Syst\u00e8me de remplissage isobare\u00a0;<\/li>\n<li>Remplissage avec pr\u00e9-\u00e9vacuation et double reniflement\u00a0;<\/li>\n<li>Convoyeur d'entr\u00e9e dans le syst\u00e8me d'air\u00a0;<\/li>\n<li>Enfileuse avec syst\u00e8me de fermeture \u00e0 t\u00eates \u00e9lectromagn\u00e9tiques, avec une extr\u00eame pr\u00e9cision dans le r\u00e9glage du couple ;<\/li>\n<li>Positionnement du couvercle par pick and place\u00a0;<\/li>\n<li>Classificateur automatique \u00e0 couvercle rotatif\u00a0;<\/li>\n<li>Transf\u00e9rer les guides \u00e0 travers le goulot d\u2019\u00e9tranglement\u00a0;<\/li>\n<li>Machine enti\u00e8rement ferm\u00e9e avec capteurs de s\u00e9curit\u00e9 sur toutes les portes\u00a0;<\/li>\n<li>IHM haute r\u00e9solution pour la programmation des \u00e9quipements\u00a0;<\/li>\n<li>Consultez un de nos techniciens pour plus d\u2019informations sur cet \u00e9quipement et sur d\u2019autres \u00e9quipements Carbonatech.<\/li>\n<\/ul>\n<p><strong>La gamme de machines RP pr\u00e9sente les configurations suivantes\u00a0:<\/strong><br \/>\n<strong>12\/12\/04 &#8211; 18\/18\/06 &#8211; 20\/24\/06<\/strong><\/p>","protected":false},"featured_media":3655,"parent":0,"template":"","meta":[],"product_brand":[],"product_cat":[31],"product_tag":[],"vasilhame":[33],"setor":[22,25,40,24,26,23,39,38],"class_list":{"0":"post-2575","1":"product","2":"type-product","3":"status-publish","4":"has-post-thumbnail","6":"product_cat-linha-carbopremium","7":"vasilhame-garrafa-pet","8":"setor-agua-com-gas","9":"setor-cerveja","10":"setor-destilado","11":"setor-energetico","12":"setor-espumante","13":"setor-refrigerante","14":"setor-suco","15":"setor-vinho","17":"first","18":"instock","19":"shipping-taxable","20":"purchasable","21":"product-type-simple"},"_links":{"self":[{"href":"https:\/\/carbonatech.com.br\/fr\/wp-json\/wp\/v2\/product\/2575","targetHints":{"allow":["GET"]}}],"collection":[{"href":"https:\/\/carbonatech.com.br\/fr\/wp-json\/wp\/v2\/product"}],"about":[{"href":"https:\/\/carbonatech.com.br\/fr\/wp-json\/wp\/v2\/types\/product"}],"version-history":[{"count":2,"href":"https:\/\/carbonatech.com.br\/fr\/wp-json\/wp\/v2\/product\/2575\/revisions"}],"predecessor-version":[{"id":3471,"href":"https:\/\/carbonatech.com.br\/fr\/wp-json\/wp\/v2\/product\/2575\/revisions\/3471"}],"wp:featuredmedia":[{"embeddable":true,"href":"https:\/\/carbonatech.com.br\/fr\/wp-json\/wp\/v2\/media\/3655"}],"wp:attachment":[{"href":"https:\/\/carbonatech.com.br\/fr\/wp-json\/wp\/v2\/media?parent=2575"}],"wp:term":[{"taxonomy":"product_brand","embeddable":true,"href":"https:\/\/carbonatech.com.br\/fr\/wp-json\/wp\/v2\/product_brand?post=2575"},{"taxonomy":"product_cat","embeddable":true,"href":"https:\/\/carbonatech.com.br\/fr\/wp-json\/wp\/v2\/product_cat?post=2575"},{"taxonomy":"product_tag","embeddable":true,"href":"https:\/\/carbonatech.com.br\/fr\/wp-json\/wp\/v2\/product_tag?post=2575"},{"taxonomy":"vasilhame","embeddable":true,"href":"https:\/\/carbonatech.com.br\/fr\/wp-json\/wp\/v2\/vasilhame?post=2575"},{"taxonomy":"setor","embeddable":true,"href":"https:\/\/carbonatech.com.br\/fr\/wp-json\/wp\/v2\/setor?post=2575"}],"curies":[{"name":"wp","href":"https:\/\/api.w.org\/{rel}","templated":true}]}}