{"id":1800,"date":"2021-10-24T16:26:15","date_gmt":"2021-10-24T19:26:15","guid":{"rendered":"https:\/\/nomadestudiocriativo.com.br\/carbonatech\/?post_type=product&#038;p=1800"},"modified":"2023-02-25T13:05:13","modified_gmt":"2023-02-25T16:05:13","slug":"lavadora-de-barril-automatica-double-carbo-ld-40","status":"publish","type":"product","link":"https:\/\/carbonatech.com.br\/fr\/produit\/lavadora-de-barril-automatica-double-carbo-ld-40\/","title":{"rendered":"Machine \u00e0 laver automatique Double Carbo LD-40"},"content":{"rendered":"<p>Machine \u00e0 laver avec des r\u00e9servoirs de soude chauff\u00e9e et d'acide perac\u00e9tique.<\/p>\n<p>Placement du baril manuellement, cycle de forme automatique du d\u00e9but \u00e0 la fin<\/p>\n<p><strong>Nombre de valves de lavage :<\/strong> 2<\/p>","protected":false},"excerpt":{"rendered":"<p><strong>Caract\u00e9ristiques des mat\u00e9riaux structurels<\/strong><\/p>\n<p>Base structurelle inf\u00e9rieure en acier inoxydable AISI 304, enti\u00e8rement rev\u00eatu d'acier inoxidable hautement polie AISI 30. Mont\u00e9e sur les pieds avec r\u00e9glage de hauteur pour l'ajustement du niveau. Protection de l'\u00e9quipement en acrylique d'\u00e9paisseur 8mm sans cadre de couleur jaune.<\/p>\n<p><strong>Fonctionnement<\/strong><\/p>\n<ul>\n<li>Positionnement manuel du baril, programmation de la temp\u00e9rature du r\u00e9servoir de soude par IHM touchscreen, planification des temps et quantit\u00e9s de cycles de lavage.<\/li>\n<li>pressurisation du baril (air comprim\u00e9) pour \u00e9liminer les d\u00e9chets liquides internes;<\/li>\n<li>Rincer avec de l\u2019eau (disjonctable) et r\u00e9p\u00e9ter jusqu\u2019\u00e0 3 fois de suite.<\/li>\n<li>Nettoyer avec du soda chaud (80\u00b0C) avec retour au r\u00e9servoir.<\/li>\n<li>Rincer avec de l\u2019eau et r\u00e9p\u00e9ter jusqu\u2019\u00e0 3 fois de suite.<\/li>\n<li>Nettoyage avec de l'acide perac\u00e9tique avec retour au r\u00e9servoir;<\/li>\n<li>Injection de vapeur, (facultatif, g\u00e9n\u00e9rateur de Vapeur non inclus)<\/li>\n<li>pressurisation par CO2 ;<\/li>\n<li>cycle termin\u00e9.<\/li>\n<\/ul>","protected":false},"featured_media":2324,"parent":0,"template":"","meta":[],"product_brand":[],"product_cat":[32],"product_tag":[],"vasilhame":[37],"setor":[25],"class_list":{"0":"post-1800","1":"product","2":"type-product","3":"status-publish","4":"has-post-thumbnail","6":"product_cat-linha-de-envase-semiautomatica","7":"vasilhame-barril","8":"setor-cerveja","10":"first","11":"instock","12":"shipping-taxable","13":"purchasable","14":"product-type-simple"},"_links":{"self":[{"href":"https:\/\/carbonatech.com.br\/fr\/wp-json\/wp\/v2\/product\/1800","targetHints":{"allow":["GET"]}}],"collection":[{"href":"https:\/\/carbonatech.com.br\/fr\/wp-json\/wp\/v2\/product"}],"about":[{"href":"https:\/\/carbonatech.com.br\/fr\/wp-json\/wp\/v2\/types\/product"}],"version-history":[{"count":1,"href":"https:\/\/carbonatech.com.br\/fr\/wp-json\/wp\/v2\/product\/1800\/revisions"}],"predecessor-version":[{"id":3462,"href":"https:\/\/carbonatech.com.br\/fr\/wp-json\/wp\/v2\/product\/1800\/revisions\/3462"}],"wp:featuredmedia":[{"embeddable":true,"href":"https:\/\/carbonatech.com.br\/fr\/wp-json\/wp\/v2\/media\/2324"}],"wp:attachment":[{"href":"https:\/\/carbonatech.com.br\/fr\/wp-json\/wp\/v2\/media?parent=1800"}],"wp:term":[{"taxonomy":"product_brand","embeddable":true,"href":"https:\/\/carbonatech.com.br\/fr\/wp-json\/wp\/v2\/product_brand?post=1800"},{"taxonomy":"product_cat","embeddable":true,"href":"https:\/\/carbonatech.com.br\/fr\/wp-json\/wp\/v2\/product_cat?post=1800"},{"taxonomy":"product_tag","embeddable":true,"href":"https:\/\/carbonatech.com.br\/fr\/wp-json\/wp\/v2\/product_tag?post=1800"},{"taxonomy":"vasilhame","embeddable":true,"href":"https:\/\/carbonatech.com.br\/fr\/wp-json\/wp\/v2\/vasilhame?post=1800"},{"taxonomy":"setor","embeddable":true,"href":"https:\/\/carbonatech.com.br\/fr\/wp-json\/wp\/v2\/setor?post=1800"}],"curies":[{"name":"wp","href":"https:\/\/api.w.org\/{rel}","templated":true}]}}