{"id":1797,"date":"2021-10-22T16:16:38","date_gmt":"2021-10-22T19:16:38","guid":{"rendered":"https:\/\/nomadestudiocriativo.com.br\/carbonatech\/?post_type=product&#038;p=1797"},"modified":"2023-12-18T15:29:14","modified_gmt":"2023-12-18T18:29:14","slug":"maquina-tribloco-automatica-para-latas-lhc-400","status":"publish","type":"product","link":"https:\/\/carbonatech.com.br\/fr\/produit\/maquina-tribloco-automatica-para-latas-lhc-400\/","title":{"rendered":"Machine Tribloc automatique pour LHC-400"},"content":{"rendered":"<p><strong>Temp\u00e9rature de remplissage :<\/strong> 0 a 3\u00baC<br \/>\n<strong>Type de Tampa :<\/strong> Tampa 202<br \/>\n<strong>Tension et fr\u00e9quence :<\/strong> 220V monophas\u00e9 \/ 60Hz<\/p>\n<p><strong>Nombre de valves du rinser :<\/strong> 04<br \/>\n<strong>Nombre de valves de remplissage :<\/strong> 04<br \/>\n<strong>Nombre de sertisseuses\u00a0:<\/strong> 01<\/p>","protected":false},"excerpt":{"rendered":"<ul>\n<li>Retire l'oxyg\u00e8ne de la bo\u00eete \u00e0 la pression positive de CO2<\/li>\n<li>R\u00e9gulation de la vitesse de remplissage\u00a0;<\/li>\n<li>La seule soupape sur le march\u00e9 qui poss\u00e8de un emballage sous-marin, g\u00e9n\u00e9rant moins de pertes par mousse;<\/li>\n<li>Le double sniff.<\/li>\n<li>Valve de technologie exclusive Carbonatech;<\/li>\n<li>Int\u00e9gration du contr\u00f4le de la pression du CO2 dans l'\u00e9quipement;<\/li>\n<li>IHM 7\" \u00e9cran tactile couleur haute d\u00e9finition;<\/li>\n<li>G\u00e9n\u00e9ration de rapports d\u2019emballage via USB;<\/li>\n<li>Projeto el\u00e9trico SafeEnergy, gastando menos eletricidade;<\/li>\n<li>Valves de r\u00e9tention \u00e0 l'entr\u00e9e de CO2 et de bi\u00e8re.<\/li>\n<li>Coletor de pingos;<\/li>\n<li>lampes d\u2019inspection ;<\/li>\n<li>Enveloppe la bi\u00e8re directement depuis le r\u00e9servoir de fermentation, n'a pas de r\u00e9serve dans l'\u00e9quipement, ce qui fournit un point de contamination moins, et beaucoup d'\u00e9conomies de CO2<\/li>\n<li>Syst\u00e8me CIP automatique pour le nettoyage de l'\u00e9quipement.<\/li>\n<\/ul>","protected":false},"featured_media":2316,"parent":0,"template":"","meta":[],"product_brand":[],"product_cat":[32],"product_tag":[],"vasilhame":[30],"setor":[24,26,23],"class_list":{"0":"post-1797","1":"product","2":"type-product","3":"status-publish","4":"has-post-thumbnail","6":"product_cat-linha-de-envase-semiautomatica","7":"vasilhame-latas-de-aluminio","8":"setor-energetico","9":"setor-espumante","10":"setor-refrigerante","12":"first","13":"instock","14":"shipping-taxable","15":"purchasable","16":"product-type-simple"},"_links":{"self":[{"href":"https:\/\/carbonatech.com.br\/fr\/wp-json\/wp\/v2\/product\/1797","targetHints":{"allow":["GET"]}}],"collection":[{"href":"https:\/\/carbonatech.com.br\/fr\/wp-json\/wp\/v2\/product"}],"about":[{"href":"https:\/\/carbonatech.com.br\/fr\/wp-json\/wp\/v2\/types\/product"}],"version-history":[{"count":2,"href":"https:\/\/carbonatech.com.br\/fr\/wp-json\/wp\/v2\/product\/1797\/revisions"}],"predecessor-version":[{"id":3540,"href":"https:\/\/carbonatech.com.br\/fr\/wp-json\/wp\/v2\/product\/1797\/revisions\/3540"}],"wp:featuredmedia":[{"embeddable":true,"href":"https:\/\/carbonatech.com.br\/fr\/wp-json\/wp\/v2\/media\/2316"}],"wp:attachment":[{"href":"https:\/\/carbonatech.com.br\/fr\/wp-json\/wp\/v2\/media?parent=1797"}],"wp:term":[{"taxonomy":"product_brand","embeddable":true,"href":"https:\/\/carbonatech.com.br\/fr\/wp-json\/wp\/v2\/product_brand?post=1797"},{"taxonomy":"product_cat","embeddable":true,"href":"https:\/\/carbonatech.com.br\/fr\/wp-json\/wp\/v2\/product_cat?post=1797"},{"taxonomy":"product_tag","embeddable":true,"href":"https:\/\/carbonatech.com.br\/fr\/wp-json\/wp\/v2\/product_tag?post=1797"},{"taxonomy":"vasilhame","embeddable":true,"href":"https:\/\/carbonatech.com.br\/fr\/wp-json\/wp\/v2\/vasilhame?post=1797"},{"taxonomy":"setor","embeddable":true,"href":"https:\/\/carbonatech.com.br\/fr\/wp-json\/wp\/v2\/setor?post=1797"}],"curies":[{"name":"wp","href":"https:\/\/api.w.org\/{rel}","templated":true}]}}