{"id":1786,"date":"2021-10-22T15:14:10","date_gmt":"2021-10-22T18:14:10","guid":{"rendered":"https:\/\/nomadestudiocriativo.com.br\/carbonatech\/?post_type=product&#038;p=1786"},"modified":"2023-03-07T13:46:09","modified_gmt":"2023-03-07T16:46:09","slug":"maquina-tribloco-carbo-lhc-1000","status":"publish","type":"product","link":"https:\/\/carbonatech.com.br\/fr\/produit\/maquina-tribloco-carbo-lhc-1000\/","title":{"rendered":"Machine tribloc Carbo LHC-1000"},"content":{"rendered":"<p><strong>Technologie<\/strong><\/p>\n<p>\u00c9quipement d\u00e9velopp\u00e9 pour servir l'industrie des produits hypercarbon\u00e9s (vins mousseux, boissons gazeuses, boissons \u00e9nergisantes, etc.), syst\u00e8me de remplissage isobare avec vannes d\u00e9velopp\u00e9es sp\u00e9cifiquement pour le remplissage de canettes.<\/p>\n<p>\u200b<strong>Connect\u00e9<\/strong><\/p>\n<p>Machine con\u00e7ue pour l'industrie 4.0 avec acc\u00e8s \u00e0 distance via t\u00e9l\u00e9phone portable, tablette ou ordinateur. Avec g\u00e9n\u00e9ration de rapports de remplissage et v\u00e9ritable suivi de production.<\/p>\n<p>\u200b<strong>\u00c9tanche<\/strong><\/p>\n<p>Le seul \u00e9quipement du march\u00e9 avec fermeture \u00e9tanche, \u00e9liminant le besoin d'une salle de remplissage, \u00e9galement pr\u00e9par\u00e9 avec flux laminaire de CO\u00b2.<\/p>\n<p><strong>Nombre de valves de rin\u00e7age :<\/strong> 10<br \/>\n<strong>\u200bNombre de vannes de remplissage\u00a0:<\/strong> 10<br \/>\n<strong>Nombre de sertisseuses\u00a0:<\/strong> 02<\/p>","protected":false},"excerpt":{"rendered":"<p><strong>Rinser<\/strong><\/p>\n<ul>\n<li>6 buses de rin\u00e7age avec retourneur \u00e9lectrom\u00e9canique\u00a0;<\/li>\n<li>Activer le rinser via un capteur de pr\u00e9sence;<\/li>\n<li>Temps de rin\u00e7age et d'\u00e9gouttage programmables par l'op\u00e9rateur.<\/li>\n<\/ul>\n<p>&nbsp;<\/p>\n<p><strong>Machine de remplissage avec remplissage isobare<\/strong><\/p>\n<ul>\n<li>Machine de remplissage tribloc pour canettes (Rinser\/Remplissage\/Sertisseuse);<\/li>\n<li>Base en acier au carbone SAE 1020 peinte en \u00e9poxy et rev\u00eatement sup\u00e9rieur en AISI 304 acier inoxydable polie \u00e0 la brillance;<\/li>\n<li>Machine \u00e9tanche avec syst\u00e8me d'attente de flux de gaz inerte\u00a0;<\/li>\n<li>6 vannes de remplissage isobares, en acier inoxydable AISI 304, plastiques techniques et joints en mat\u00e9riau non toxique.<\/li>\n<li>Purge du CO2 avant de commencer le remplissage, avec temps et pression programm\u00e9s par l'op\u00e9rateur, pour qu'il n'y ait aucun risque d'oxydation de la bi\u00e8re ;<\/li>\n<li>Lampe d'inspection exclusive activ\u00e9e automatiquement au moment du remplissage\u00a0;<\/li>\n<\/ul>\n<p>&nbsp;<\/p>\n<p><strong>Sertisseuse automatique<\/strong><\/p>\n<ul>\n<li>1 T\u00eate de sertissage \u00e0 entra\u00eenement \u00e9lectropneumatique\u00a0;<\/li>\n<li>Sertissage r\u00e9alis\u00e9 en 2 temps avec 2 rouleaux de sertissage ;<\/li>\n<li>R\u00e9glage \u00e9lectrique de la hauteur effectu\u00e9 via l'IHM, pour diff\u00e9rents types de canettes\u00a0;<\/li>\n<li>S\u00e9lecteur pneumatique de couvercle de tiroir, avec alimentation par tour ;<\/li>\n<li>L'activation de la sertisseuse effectu\u00e9e par capteur de pr\u00e9sence, ne fonctionne que lorsque la bo\u00eete a le couvercle ferm\u00e9 ;<\/li>\n<li>Positionnement des canettes r\u00e9alis\u00e9 par v\u00e9rins pneumatiques\u00a0;<\/li>\n<li>Rouleaux de sertissage en acier inoxydable avec trempe sous vide et polissage des profils de sertissage ;<\/li>\n<\/ul>","protected":false},"featured_media":1789,"parent":0,"template":"","meta":[],"product_brand":[],"product_cat":[31],"product_tag":[],"vasilhame":[30],"setor":[22,25,24,26,39,38],"class_list":{"0":"post-1786","1":"product","2":"type-product","3":"status-publish","4":"has-post-thumbnail","6":"product_cat-linha-carbopremium","7":"vasilhame-latas-de-aluminio","8":"setor-agua-com-gas","9":"setor-cerveja","10":"setor-energetico","11":"setor-espumante","12":"setor-suco","13":"setor-vinho","15":"first","16":"instock","17":"shipping-taxable","18":"purchasable","19":"product-type-simple"},"_links":{"self":[{"href":"https:\/\/carbonatech.com.br\/fr\/wp-json\/wp\/v2\/product\/1786","targetHints":{"allow":["GET"]}}],"collection":[{"href":"https:\/\/carbonatech.com.br\/fr\/wp-json\/wp\/v2\/product"}],"about":[{"href":"https:\/\/carbonatech.com.br\/fr\/wp-json\/wp\/v2\/types\/product"}],"version-history":[{"count":0,"href":"https:\/\/carbonatech.com.br\/fr\/wp-json\/wp\/v2\/product\/1786\/revisions"}],"wp:featuredmedia":[{"embeddable":true,"href":"https:\/\/carbonatech.com.br\/fr\/wp-json\/wp\/v2\/media\/1789"}],"wp:attachment":[{"href":"https:\/\/carbonatech.com.br\/fr\/wp-json\/wp\/v2\/media?parent=1786"}],"wp:term":[{"taxonomy":"product_brand","embeddable":true,"href":"https:\/\/carbonatech.com.br\/fr\/wp-json\/wp\/v2\/product_brand?post=1786"},{"taxonomy":"product_cat","embeddable":true,"href":"https:\/\/carbonatech.com.br\/fr\/wp-json\/wp\/v2\/product_cat?post=1786"},{"taxonomy":"product_tag","embeddable":true,"href":"https:\/\/carbonatech.com.br\/fr\/wp-json\/wp\/v2\/product_tag?post=1786"},{"taxonomy":"vasilhame","embeddable":true,"href":"https:\/\/carbonatech.com.br\/fr\/wp-json\/wp\/v2\/vasilhame?post=1786"},{"taxonomy":"setor","embeddable":true,"href":"https:\/\/carbonatech.com.br\/fr\/wp-json\/wp\/v2\/setor?post=1786"}],"curies":[{"name":"wp","href":"https:\/\/api.w.org\/{rel}","templated":true}]}}