{"id":1783,"date":"2021-10-22T14:54:51","date_gmt":"2021-10-22T17:54:51","guid":{"rendered":"https:\/\/nomadestudiocriativo.com.br\/carbonatech\/?post_type=product&#038;p=1783"},"modified":"2024-08-16T17:07:52","modified_gmt":"2024-08-16T20:07:52","slug":"tribloco-l-300","status":"publish","type":"product","link":"https:\/\/carbonatech.com.br\/fr\/produit\/tribloco-l-300\/","title":{"rendered":"Station de remplissage automatis\u00e9e L-300"},"content":{"rendered":"<p>Nos \u00e9quipements utilisent la technologie \u00e0 flux laminaire, une technologie exclusive de CarbonaTech au Br\u00e9sil. Ce conditionnement se fait directement \u00e0 partir de la cuve du fermenteur ou \u00e0 partir du f\u00fbt lui-m\u00eame.<\/p>\n<p><strong>Nombre de valves de remplissage :<\/strong> 01<br \/>\n<strong>Nombre de valves de rin\u00e7age :<\/strong> 01<br \/>\n\u200b<strong>Nombre de sertisseuses\u00a0:<\/strong> 01<\/p>","protected":false},"excerpt":{"rendered":"<ul>\n<li>Machine de remplissage avec syst\u00e8me exclusif \u00e0 flux laminaire<\/li>\n<li>\u200bRemplit la bi\u00e8re directement \u00e0 partir de la cuve du fermenteur\u00a0;<\/li>\n<li>\u00c9limine l'oxyg\u00e8ne de la bouteille gr\u00e2ce \u00e0 la purge du CO2\u00a0;<\/li>\n<li>R\u00e9gulation de la vitesse de remplissage\u00a0;<\/li>\n<li>01 vanne de remplissage \u00e0 flux laminaire, en acier inoxydable AISI 304, plastiques techniques et joints en mat\u00e9riau non toxique.<\/li>\n<li>Le syst\u00e8me de remplissage \u00e0 flux laminaire ne n\u00e9cessite pas de r\u00e9servoir pour le remplissage, ce qui permet d'importantes \u00e9conomies de CO2 et un risque moindre de contamination de la bi\u00e8re\u00a0;<\/li>\n<li>Purge du CO2 avant de commencer le remplissage, avec temps et pression programm\u00e9s par l'op\u00e9rateur, pour qu'il n'y ait aucun risque d'oxydation de la bi\u00e8re ;<\/li>\n<li>Remplissage immerg\u00e9, ce qui r\u00e9duit le risque d\u2019incorporation de DO dans la bi\u00e8re\u00a0;<\/li>\n<li>Ach\u00e8vement du processus de remplissage r\u00e9alis\u00e9 par un capteur de niveau num\u00e9rique, qui garantit que toute la bo\u00eete est au m\u00eame niveau ;<\/li>\n<li>Tr\u00e8s faible niveau de DO dans le produit final\u00a0;<\/li>\n<li>Production \u00e9lev\u00e9e, presque 3 fois plus rapide que le syst\u00e8me isobare, gr\u00e2ce au syst\u00e8me de remplissage \u00e0 flux laminaire.<\/li>\n<li>1 T\u00eate de sertissage \u00e0 entra\u00eenement \u00e9lectropneumatique\u00a0;<\/li>\n<li>Sertissage r\u00e9alis\u00e9 en 2 temps avec 2 rouleaux de sertissage ;<\/li>\n<li>Rouleaux de sertissage en acier inoxydable avec trempe sous vide et polissage des profils de sertissage ;<\/li>\n<\/ul>","protected":false},"featured_media":3643,"parent":0,"template":"","meta":[],"product_brand":[],"product_cat":[31],"product_tag":[],"vasilhame":[30],"setor":[25,26,38],"class_list":{"0":"post-1783","1":"product","2":"type-product","3":"status-publish","4":"has-post-thumbnail","6":"product_cat-linha-carbopremium","7":"vasilhame-latas-de-aluminio","8":"setor-cerveja","9":"setor-espumante","10":"setor-vinho","12":"first","13":"instock","14":"shipping-taxable","15":"purchasable","16":"product-type-simple"},"_links":{"self":[{"href":"https:\/\/carbonatech.com.br\/fr\/wp-json\/wp\/v2\/product\/1783","targetHints":{"allow":["GET"]}}],"collection":[{"href":"https:\/\/carbonatech.com.br\/fr\/wp-json\/wp\/v2\/product"}],"about":[{"href":"https:\/\/carbonatech.com.br\/fr\/wp-json\/wp\/v2\/types\/product"}],"version-history":[{"count":1,"href":"https:\/\/carbonatech.com.br\/fr\/wp-json\/wp\/v2\/product\/1783\/revisions"}],"predecessor-version":[{"id":2785,"href":"https:\/\/carbonatech.com.br\/fr\/wp-json\/wp\/v2\/product\/1783\/revisions\/2785"}],"wp:featuredmedia":[{"embeddable":true,"href":"https:\/\/carbonatech.com.br\/fr\/wp-json\/wp\/v2\/media\/3643"}],"wp:attachment":[{"href":"https:\/\/carbonatech.com.br\/fr\/wp-json\/wp\/v2\/media?parent=1783"}],"wp:term":[{"taxonomy":"product_brand","embeddable":true,"href":"https:\/\/carbonatech.com.br\/fr\/wp-json\/wp\/v2\/product_brand?post=1783"},{"taxonomy":"product_cat","embeddable":true,"href":"https:\/\/carbonatech.com.br\/fr\/wp-json\/wp\/v2\/product_cat?post=1783"},{"taxonomy":"product_tag","embeddable":true,"href":"https:\/\/carbonatech.com.br\/fr\/wp-json\/wp\/v2\/product_tag?post=1783"},{"taxonomy":"vasilhame","embeddable":true,"href":"https:\/\/carbonatech.com.br\/fr\/wp-json\/wp\/v2\/vasilhame?post=1783"},{"taxonomy":"setor","embeddable":true,"href":"https:\/\/carbonatech.com.br\/fr\/wp-json\/wp\/v2\/setor?post=1783"}],"curies":[{"name":"wp","href":"https:\/\/api.w.org\/{rel}","templated":true}]}}