{"id":1776,"date":"2021-10-22T17:18:46","date_gmt":"2021-10-22T20:18:46","guid":{"rendered":"https:\/\/nomadestudiocriativo.com.br\/carbonatech\/?post_type=product&#038;p=1776"},"modified":"2024-06-21T07:57:22","modified_gmt":"2024-06-21T10:57:22","slug":"lavadora-de-barril-automatica-single-ls-20","status":"publish","type":"product","link":"https:\/\/carbonatech.com.br\/fr\/produit\/lavadora-de-barril-automatica-single-ls-20\/","title":{"rendered":"Machine \u00e0 laver automatique \u00e0 baril unique LS-20"},"content":{"rendered":"<p>positionnement du baril manuellement;<br \/>\nProgrammation de la temp\u00e9rature du r\u00e9servoir de soda par l'\u00e9cran tactile IHM;<br \/>\nProgrammation des temps et des quantit\u00e9s de cycles de lavage.<\/p>\n<p><strong>Nombre de valves de lavage :\u00a0<\/strong>01<\/p>","protected":false},"excerpt":{"rendered":"<p><strong>Les cycles :<\/strong><\/p>\n<ul>\n<li>pressurisation du baril (air comprim\u00e9) pour \u00e9liminer les d\u00e9chets liquides internes;<\/li>\n<li>Rincer avec de l\u2019eau,<\/li>\n<li>Nettoyer avec du soda chaud (60\u00b0C) avec retour au r\u00e9servoir.<\/li>\n<li>Rincer avec de l\u2019eau;<\/li>\n<li>Nettoyage avec de l'acide perac\u00e9tique avec retour au r\u00e9servoir;<\/li>\n<li>Syst\u00e8me exclusif de flush<\/li>\n<li>nettoyage de l\u2019oxyg\u00e8ne;<\/li>\n<li>pressurisation par CO2 ;<\/li>\n<li>cycle termin\u00e9.<\/li>\n<\/ul>","protected":false},"featured_media":3644,"parent":0,"template":"","meta":[],"product_brand":[],"product_cat":[32],"product_tag":[],"vasilhame":[37],"setor":[25],"class_list":{"0":"post-1776","1":"product","2":"type-product","3":"status-publish","4":"has-post-thumbnail","6":"product_cat-linha-de-envase-semiautomatica","7":"vasilhame-barril","8":"setor-cerveja","10":"first","11":"instock","12":"shipping-taxable","13":"purchasable","14":"product-type-simple"},"_links":{"self":[{"href":"https:\/\/carbonatech.com.br\/fr\/wp-json\/wp\/v2\/product\/1776","targetHints":{"allow":["GET"]}}],"collection":[{"href":"https:\/\/carbonatech.com.br\/fr\/wp-json\/wp\/v2\/product"}],"about":[{"href":"https:\/\/carbonatech.com.br\/fr\/wp-json\/wp\/v2\/types\/product"}],"version-history":[{"count":1,"href":"https:\/\/carbonatech.com.br\/fr\/wp-json\/wp\/v2\/product\/1776\/revisions"}],"predecessor-version":[{"id":3645,"href":"https:\/\/carbonatech.com.br\/fr\/wp-json\/wp\/v2\/product\/1776\/revisions\/3645"}],"wp:featuredmedia":[{"embeddable":true,"href":"https:\/\/carbonatech.com.br\/fr\/wp-json\/wp\/v2\/media\/3644"}],"wp:attachment":[{"href":"https:\/\/carbonatech.com.br\/fr\/wp-json\/wp\/v2\/media?parent=1776"}],"wp:term":[{"taxonomy":"product_brand","embeddable":true,"href":"https:\/\/carbonatech.com.br\/fr\/wp-json\/wp\/v2\/product_brand?post=1776"},{"taxonomy":"product_cat","embeddable":true,"href":"https:\/\/carbonatech.com.br\/fr\/wp-json\/wp\/v2\/product_cat?post=1776"},{"taxonomy":"product_tag","embeddable":true,"href":"https:\/\/carbonatech.com.br\/fr\/wp-json\/wp\/v2\/product_tag?post=1776"},{"taxonomy":"vasilhame","embeddable":true,"href":"https:\/\/carbonatech.com.br\/fr\/wp-json\/wp\/v2\/vasilhame?post=1776"},{"taxonomy":"setor","embeddable":true,"href":"https:\/\/carbonatech.com.br\/fr\/wp-json\/wp\/v2\/setor?post=1776"}],"curies":[{"name":"wp","href":"https:\/\/api.w.org\/{rel}","templated":true}]}}