{"id":1549,"date":"2021-10-22T15:27:29","date_gmt":"2021-10-22T18:27:29","guid":{"rendered":"https:\/\/nomadestudiocriativo.com.br\/carbonatech\/?post_type=product&#038;p=1549"},"modified":"2024-06-21T07:59:51","modified_gmt":"2024-06-21T10:59:51","slug":"carbo-d6000","status":"publish","type":"product","link":"https:\/\/carbonatech.com.br\/fr\/produit\/carbo-d6000\/","title":{"rendered":"Machine de d\u00e9palettisation automatique Carbo D-6000"},"content":{"rendered":"<p><strong>\u00c9conomie<\/strong><\/p>\n<p>\u00c9quipement construit avec une grande optimisation de l\u2019espace, occupant l\u2019espace l\u00e9g\u00e8rement plus grand d\u2019une palette.<\/p>\n<p><strong>Connect\u00e9<\/strong><\/p>\n<p>Machine con\u00e7ue pour l'industrie 4.0 avec acc\u00e8s \u00e0 distance via t\u00e9l\u00e9phone portable, tablette ou ordinateur. Avec g\u00e9n\u00e9ration de rapports de remplissage et v\u00e9ritable suivi de production.<\/p>\n<p><strong>\u200bCarboConnect<\/strong><\/p>\n<p>Syst\u00e8me d'int\u00e9gration CarboConnect, o\u00f9 les \u00e9quipements communiquent entre eux pour obtenir les meilleures performances possibles.<\/p>","protected":false},"excerpt":{"rendered":"<ul>\n<li>D\u00e9palettiseur automatique pour canettes ;<\/li>\n<li>Structure en acier au carbone avec peinture \u00e9poxy ;<\/li>\n<li>Porte d'insertion de palettes avec support pour s\u00e9parateurs en carton ;<\/li>\n<li>D\u00e9pose de la diviseuse automatique gr\u00e2ce \u00e0 un syst\u00e8me de ventouses ;<\/li>\n<li>Hauteur des palettes r\u00e9gl\u00e9e \u00e0 l'aide d'un capteur \u00e0 ultrasons\u00a0;<\/li>\n<li>Capteur d'accumulation de pr\u00e9sence sur le convoyeur de descente\u00a0;<\/li>\n<li>R\u00e8gle de retrait de canettes servo-entra\u00een\u00e9e\u00a0;<\/li>\n<li>Panneau de commande avec IHM \u00e0 \u00e9cran tactile.<\/li>\n<\/ul>","protected":false},"featured_media":3646,"parent":0,"template":"","meta":[],"product_brand":[],"product_cat":[31],"product_tag":[],"vasilhame":[30],"setor":[28],"class_list":{"0":"post-1549","1":"product","2":"type-product","3":"status-publish","4":"has-post-thumbnail","6":"product_cat-linha-carbopremium","7":"vasilhame-latas-de-aluminio","8":"setor-despaletizacao","10":"first","11":"instock","12":"shipping-taxable","13":"purchasable","14":"product-type-simple"},"_links":{"self":[{"href":"https:\/\/carbonatech.com.br\/fr\/wp-json\/wp\/v2\/product\/1549","targetHints":{"allow":["GET"]}}],"collection":[{"href":"https:\/\/carbonatech.com.br\/fr\/wp-json\/wp\/v2\/product"}],"about":[{"href":"https:\/\/carbonatech.com.br\/fr\/wp-json\/wp\/v2\/types\/product"}],"version-history":[{"count":1,"href":"https:\/\/carbonatech.com.br\/fr\/wp-json\/wp\/v2\/product\/1549\/revisions"}],"predecessor-version":[{"id":3647,"href":"https:\/\/carbonatech.com.br\/fr\/wp-json\/wp\/v2\/product\/1549\/revisions\/3647"}],"wp:featuredmedia":[{"embeddable":true,"href":"https:\/\/carbonatech.com.br\/fr\/wp-json\/wp\/v2\/media\/3646"}],"wp:attachment":[{"href":"https:\/\/carbonatech.com.br\/fr\/wp-json\/wp\/v2\/media?parent=1549"}],"wp:term":[{"taxonomy":"product_brand","embeddable":true,"href":"https:\/\/carbonatech.com.br\/fr\/wp-json\/wp\/v2\/product_brand?post=1549"},{"taxonomy":"product_cat","embeddable":true,"href":"https:\/\/carbonatech.com.br\/fr\/wp-json\/wp\/v2\/product_cat?post=1549"},{"taxonomy":"product_tag","embeddable":true,"href":"https:\/\/carbonatech.com.br\/fr\/wp-json\/wp\/v2\/product_tag?post=1549"},{"taxonomy":"vasilhame","embeddable":true,"href":"https:\/\/carbonatech.com.br\/fr\/wp-json\/wp\/v2\/vasilhame?post=1549"},{"taxonomy":"setor","embeddable":true,"href":"https:\/\/carbonatech.com.br\/fr\/wp-json\/wp\/v2\/setor?post=1549"}],"curies":[{"name":"wp","href":"https:\/\/api.w.org\/{rel}","templated":true}]}}