{"id":759,"date":"2021-09-16T15:12:18","date_gmt":"2021-09-16T18:12:18","guid":{"rendered":"https:\/\/nomadestudiocriativo.com.br\/carbonatech\/?post_type=product&#038;p=759"},"modified":"2024-06-21T08:10:20","modified_gmt":"2024-06-21T11:10:20","slug":"maquina-tribloco-semiautomatica-para-latas-modelo-l-50","status":"publish","type":"product","link":"https:\/\/carbonatech.com.br\/es\/producto\/maquina-tribloco-semiautomatica-para-latas-modelo-l-50\/","title":{"rendered":"M\u00e1quina Tribloco Semiautom\u00e1tica para Latas Modelo L-50"},"content":{"rendered":"<p>Con ella se realiza el lavado, relleno y reclavado de las latas en el sistema de envasado de flujo laminar. Como opci\u00f3n tambi\u00e9n tiene un dispenser con l\u00e1mparas UV.<\/p>\n<p><strong>N\u00famero de bicos de rinsage:<\/strong> 01<br \/>\n<strong>N\u00famero de v\u00e1lvulas de relleno:<\/strong> 01<br \/>\n<strong>N\u00famero de tapones:<\/strong> 01<\/p>","protected":false},"excerpt":{"rendered":"<ul>\n<li>M\u00e1quina llenadora con exclusivo Sistema de Flujo Laminar<\/li>\n<li>\u200bLlena la cerveza directamente desde el tanque fermentador;<\/li>\n<li>Retira el ox\u00edgeno de la lata a trav\u00e9s de la depuraci\u00f3n de CO2;<\/li>\n<li>Regulaci\u00f3n de la velocidad de llenado;<\/li>\n<li>01 v\u00e1lvula de llenado de flujo laminar, fabricada en acero inoxidable AISI 304, pl\u00e1sticos de ingenier\u00eda y juntas de material at\u00f3xico.<\/li>\n<li>El sistema de llenado de flujo laminar no requiere un tanque de reserva para el llenado, lo que proporciona importantes ahorros de CO2 y un menor riesgo de contaminaci\u00f3n de la cerveza;<\/li>\n<li>Purga de CO2 antes de iniciar el llenado, con tiempo y presi\u00f3n programados por el operador, para que no haya riesgo de oxidaci\u00f3n de la cerveza;<\/li>\n<li>Envases sumergidos, que proporcionan un menor riesgo de incorporaci\u00f3n de OD a la cerveza;<\/li>\n<li>Finalizaci\u00f3n del proceso de llenado realizado por un sensor de nivel digital, que garantiza que toda la lata est\u00e9 al mismo nivel;<\/li>\n<li>Nivel muy bajo de OD en el producto final;<\/li>\n<li>Alta producci\u00f3n, casi 3 veces m\u00e1s r\u00e1pida que el sistema isob\u00e1rico, debido al sistema de llenado de flujo laminar.<\/li>\n<li>1 cabezal cerrador con accionamiento electroneum\u00e1tico;<\/li>\n<li>Engarzado realizado en 2 etapas con 2 rodillos de engarce;<\/li>\n<li>Rodillos de prensado de acero inoxidable con endurecimiento al vac\u00edo y pulido de los perfiles de prensado;<\/li>\n<\/ul>","protected":false},"featured_media":3648,"parent":0,"template":"","meta":[],"product_brand":[],"product_cat":[32],"product_tag":[],"vasilhame":[30],"setor":[25,26,23,38],"class_list":{"0":"post-759","1":"product","2":"type-product","3":"status-publish","4":"has-post-thumbnail","6":"product_cat-linha-de-envase-semiautomatica","7":"vasilhame-latas-de-aluminio","8":"setor-cerveja","9":"setor-espumante","10":"setor-refrigerante","11":"setor-vinho","13":"first","14":"instock","15":"shipping-taxable","16":"purchasable","17":"product-type-simple"},"_links":{"self":[{"href":"https:\/\/carbonatech.com.br\/es\/wp-json\/wp\/v2\/product\/759","targetHints":{"allow":["GET"]}}],"collection":[{"href":"https:\/\/carbonatech.com.br\/es\/wp-json\/wp\/v2\/product"}],"about":[{"href":"https:\/\/carbonatech.com.br\/es\/wp-json\/wp\/v2\/types\/product"}],"version-history":[{"count":1,"href":"https:\/\/carbonatech.com.br\/es\/wp-json\/wp\/v2\/product\/759\/revisions"}],"predecessor-version":[{"id":3449,"href":"https:\/\/carbonatech.com.br\/es\/wp-json\/wp\/v2\/product\/759\/revisions\/3449"}],"wp:featuredmedia":[{"embeddable":true,"href":"https:\/\/carbonatech.com.br\/es\/wp-json\/wp\/v2\/media\/3648"}],"wp:attachment":[{"href":"https:\/\/carbonatech.com.br\/es\/wp-json\/wp\/v2\/media?parent=759"}],"wp:term":[{"taxonomy":"product_brand","embeddable":true,"href":"https:\/\/carbonatech.com.br\/es\/wp-json\/wp\/v2\/product_brand?post=759"},{"taxonomy":"product_cat","embeddable":true,"href":"https:\/\/carbonatech.com.br\/es\/wp-json\/wp\/v2\/product_cat?post=759"},{"taxonomy":"product_tag","embeddable":true,"href":"https:\/\/carbonatech.com.br\/es\/wp-json\/wp\/v2\/product_tag?post=759"},{"taxonomy":"vasilhame","embeddable":true,"href":"https:\/\/carbonatech.com.br\/es\/wp-json\/wp\/v2\/vasilhame?post=759"},{"taxonomy":"setor","embeddable":true,"href":"https:\/\/carbonatech.com.br\/es\/wp-json\/wp\/v2\/setor?post=759"}],"curies":[{"name":"wp","href":"https:\/\/api.w.org\/{rel}","templated":true}]}}