{"id":607,"date":"2021-09-15T18:24:22","date_gmt":"2021-09-15T21:24:22","guid":{"rendered":"https:\/\/nomadestudiocriativo.com.br\/carbonatech\/?post_type=product&#038;p=607"},"modified":"2023-02-25T12:58:34","modified_gmt":"2023-02-25T15:58:34","slug":"estacao-de-envase-semiautomatica-modelo-g-200","status":"publish","type":"product","link":"https:\/\/carbonatech.com.br\/es\/producto\/estacao-de-envase-semiautomatica-modelo-g-200\/","title":{"rendered":"Estaci\u00f3n de envasado semiautom\u00e1tica modelo G-200"},"content":{"rendered":"<p>\u00bfPET? \u00bfLata? \u00bfUna botella? En el mismo equipo, usted no tiene que quedar decidiendo, nuestro equipo semiautom\u00e1tico hace el relleno y tapado de los 3 modelos de vasilhames de forma semi-autom\u00e1tica.<\/p>\n<p><strong>N\u00famero de v\u00e1lvulas del rinser:<\/strong> 02<br \/>\n<strong>N\u00famero de v\u00e1lvulas de relleno:<\/strong> 02<br \/>\n<strong>N\u00famero de tapones:<\/strong> 01<\/p>","protected":false},"excerpt":{"rendered":"<h5>Equipo que envuelve botellas y latas<\/h5>\n<ul>\n<li>Envasar la cerveza directamente del tanque de fermentaci\u00f3n.<\/li>\n<li>Retira el ox\u00edgeno de la botella a trav\u00e9s de la presi\u00f3n positiva de CO2<\/li>\n<li>Regulaci\u00f3n de la velocidad de llenado;<\/li>\n<li>\u00danica v\u00e1lvula del mercado que tiene envase sumergido, generando menos p\u00e9rdidas por espuma;<\/li>\n<li>Cambiar las agujas r\u00e1pidamente.<\/li>\n<li>DUPLO <em>sniff<\/em>;<\/li>\n<li>Sistema de envasado estadounidense.<\/li>\n<li>v\u00e1lvula de tecnolog\u00eda exclusiva Carbonatech;<\/li>\n<li>La inclusi\u00f3n de <strong>Control de presi\u00f3n de CO2<\/strong> en el equipamiento;<\/li>\n<li>Lavar con tanque de dep\u00f3sito para soluci\u00f3n de sanitizante;<\/li>\n<li>bomba de <strong>Inoxidable AISI 304<\/strong> Con accionamiento temporal<\/li>\n<li><strong>IHM 7&#8242;<\/strong>&#8216; <em>pantalla t\u00e1ctil de color completo<\/em> de alta definici\u00f3n;<\/li>\n<li>Generaci\u00f3n de informes de envase a trav\u00e9s de USB;<\/li>\n<li>El envase se acaba por el sensor de nivel, no por el tiempo;<\/li>\n<li>Proyecto el\u00e9ctrico <strong>SafeEnergy<\/strong>gastar menos electricidad;<\/li>\n<li>v\u00e1lvulas de retenci\u00f3n en la entrada de CO2 y entrada de cerveza.<\/li>\n<li>colector de pinos;<\/li>\n<li>Equipo totalmente el\u00e9ctrico, no necesita aire comprimido para funcionar<\/li>\n<li>L\u00e1mparas de inspecci\u00f3n<\/li>\n<li>Envase la cerveza directamente del tanque de fermentaci\u00f3n, no tiene tanque en el equipo, lo que proporciona un punto de<\/li>\n<li>Menos contaminaci\u00f3n y mucho ahorro de CO2<\/li>\n<li>\u200b<strong>Sistema CIP autom\u00e1tico<\/strong>para la limpieza del equipo.<\/li>\n<li>Cilindros de movimiento auto lubricantes, la m\u00e1quina no tiene puntos de lubricaci\u00f3n.<\/li>\n<\/ul>","protected":false},"featured_media":2301,"parent":0,"template":"","meta":[],"product_brand":[],"product_cat":[32],"product_tag":[],"vasilhame":[33,29,30],"setor":[22,25,40,24,26,23],"class_list":{"0":"post-607","1":"product","2":"type-product","3":"status-publish","4":"has-post-thumbnail","6":"product_cat-linha-de-envase-semiautomatica","7":"vasilhame-garrafa-pet","8":"vasilhame-garrafas-de-vidro","9":"vasilhame-latas-de-aluminio","10":"setor-agua-com-gas","11":"setor-cerveja","12":"setor-destilado","13":"setor-energetico","14":"setor-espumante","15":"setor-refrigerante","17":"first","18":"instock","19":"shipping-taxable","20":"purchasable","21":"product-type-simple"},"_links":{"self":[{"href":"https:\/\/carbonatech.com.br\/es\/wp-json\/wp\/v2\/product\/607","targetHints":{"allow":["GET"]}}],"collection":[{"href":"https:\/\/carbonatech.com.br\/es\/wp-json\/wp\/v2\/product"}],"about":[{"href":"https:\/\/carbonatech.com.br\/es\/wp-json\/wp\/v2\/types\/product"}],"version-history":[{"count":1,"href":"https:\/\/carbonatech.com.br\/es\/wp-json\/wp\/v2\/product\/607\/revisions"}],"predecessor-version":[{"id":3573,"href":"https:\/\/carbonatech.com.br\/es\/wp-json\/wp\/v2\/product\/607\/revisions\/3573"}],"wp:featuredmedia":[{"embeddable":true,"href":"https:\/\/carbonatech.com.br\/es\/wp-json\/wp\/v2\/media\/2301"}],"wp:attachment":[{"href":"https:\/\/carbonatech.com.br\/es\/wp-json\/wp\/v2\/media?parent=607"}],"wp:term":[{"taxonomy":"product_brand","embeddable":true,"href":"https:\/\/carbonatech.com.br\/es\/wp-json\/wp\/v2\/product_brand?post=607"},{"taxonomy":"product_cat","embeddable":true,"href":"https:\/\/carbonatech.com.br\/es\/wp-json\/wp\/v2\/product_cat?post=607"},{"taxonomy":"product_tag","embeddable":true,"href":"https:\/\/carbonatech.com.br\/es\/wp-json\/wp\/v2\/product_tag?post=607"},{"taxonomy":"vasilhame","embeddable":true,"href":"https:\/\/carbonatech.com.br\/es\/wp-json\/wp\/v2\/vasilhame?post=607"},{"taxonomy":"setor","embeddable":true,"href":"https:\/\/carbonatech.com.br\/es\/wp-json\/wp\/v2\/setor?post=607"}],"curies":[{"name":"wp","href":"https:\/\/api.w.org\/{rel}","templated":true}]}}