{"id":394,"date":"2021-09-21T19:49:28","date_gmt":"2021-09-21T22:49:28","guid":{"rendered":"https:\/\/nomadestudiocriativo.com.br\/carbonatech\/?post_type=product&#038;p=394"},"modified":"2024-09-18T09:47:06","modified_gmt":"2024-09-18T12:47:06","slug":"tribloco-g600","status":"publish","type":"product","link":"https:\/\/carbonatech.com.br\/es\/producto\/tribloco-g600\/","title":{"rendered":"\/\u00a0M\u00e1quina Autom\u00e1tica Tribloque para Botellas Modelo Carbo G-600"},"content":{"rendered":"<p><strong>refrigeraci\u00f3n autom\u00e1tica<\/strong><\/p>\n<p>Tanque con preparaci\u00f3n para refrigeraci\u00f3n autom\u00e1tica mediante serpentines para paso de glicol.\u200b<\/p>\n<p><strong>Conectado<\/strong><\/p>\n<p>M\u00e1quina fabricada para la industria 4.0 con acceso remoto v\u00eda celular, tablet o computadora. Con generaci\u00f3n de informes de llenado y seguimiento real de la producci\u00f3n.<\/p>\n<p><strong>estanco<\/strong><\/p>\n<p>\u00danico equipo del mercado con cierre estanco, eliminando la necesidad de sala de llenado.<\/p>\n<p><strong>\u200b<\/strong><strong>N\u00famero de v\u00e1lvulas de relleno:<\/strong> 04<br \/>\n\u200b<strong>N\u00famero de v\u00e1lvulas de envasado:<\/strong> 04<br \/>\n<strong>N\u00famero de tapones:<\/strong> 01<\/p>","protected":false},"excerpt":{"rendered":"<h5><strong>Rinser<\/strong><\/h5>\n<ul>\n<li>4 boquillas de enjuague con volteador electromec\u00e1nico;<\/li>\n<li>Activaci\u00f3n de la enjuagadora mediante 2 sensores de presencia;<\/li>\n<li>Tiempo de rensamiento y descarga programables por el operador;<\/li>\n<li>Para limpiar las botellas se puede utilizar \u00e1cido perac\u00e9tico, ozono o alcohol;<\/li>\n<\/ul>\n<p>\u200b<\/p>\n<h5><strong>M\u00e1quina de llenado isob\u00e1rica<\/strong><\/h5>\n<ul>\n<li>Llenadora tribloque para botellas (Enjuagadora\/Llenadora\/Taponadora);<\/li>\n<li>Base de acero al carbono <strong>SAE 1020<\/strong> pintado en epoxi y acabado en acero inoxidable <strong>AISI 304<\/strong> polido ao brilho;<\/li>\n<li>M\u00e1quina de estanque con espera para sistema de flujo de gas inerte;<\/li>\n<li>4 v\u00e1lvulas de llenado isob\u00e1ricas, fabricadas en acero inoxidable. <strong>AISI 304<\/strong>, pl\u00e1sticos de ingenier\u00eda y juntas de material no t\u00f3xico;<\/li>\n<li>Tanque construido en acero inoxidable <strong>AISI 304<\/strong> pulidos (internos y externos), con control autom\u00e1tico de nivel mediante electrodos de nivel digitales, regulador de entrada de di\u00f3xido de carbono, man\u00f3metro digital, v\u00e1lvula de alivio de presi\u00f3n, v\u00e1lvula de seguridad y v\u00e1lvula de bola para entrada de producto;<\/li>\n<li>N\u00famero y tiempos de vac\u00edos programables por el operador;<\/li>\n<li>Cantidad y tiempo de <em>huele<\/em> (alivios de presi\u00f3n) programables por el operador;<\/li>\n<li>Presi\u00f3n de trabajo y carga del tanque programables por el operador;<\/li>\n<li>Exclusivo serpent\u00edn de glicol en el tanque de llenado para mantener fr\u00eda la cerveza;<\/li>\n<li>Regulaci\u00f3n el\u00e9ctrica de la altura del dep\u00f3sito activada por <strong>IHM<\/strong>;<\/li>\n<li>Rosca sin fin para posicionar botellas en v\u00e1lvulas de llenado;<\/li>\n<li>L\u00e1mparas de inspecci\u00f3n exclusivas que se activan autom\u00e1ticamente en el momento del llenado;<\/li>\n<li>Pantalla de inspecci\u00f3n del tanque en el frente, para una mejor visualizaci\u00f3n del operador;<\/li>\n<li>Todos los pasos de llenado se realizan autom\u00e1ticamente.<\/li>\n<\/ul>\n<p>&nbsp;<\/p>\n<h5><strong>Taponadora autom\u00e1tica<\/strong><\/h5>\n<ul>\n<li>1 cabezal taponador con accionamiento electromec\u00e1nico;<\/li>\n<li>El taponado se realiza mediante una leva accionada por un motorreductor;<\/li>\n<li>Ajuste de altura para varios tipos de botellas;<\/li>\n<li>Clasificador de tapa vibratoria con sensor que se detiene cuando el conducto est\u00e1 lleno;<\/li>\n<li>La activaci\u00f3n de la taponadora realizada por sensor de presencia, s\u00f3lo funciona cuando hay botellas presentes;<\/li>\n<li>Estrella de posicionamiento accionada por servomotor;<\/li>\n<li>Cabeza de acero inoxidable <strong>AISI 304<\/strong> con imanes para un posicionamiento preciso de las tapas;<\/li>\n<li>Eje de ajuste fabricado \u00edntegramente en acero inoxidable. <strong>AISI 304<\/strong>.<\/li>\n<\/ul>","protected":false},"featured_media":3778,"parent":0,"template":"","meta":[],"product_brand":[],"product_cat":[31],"product_tag":[],"vasilhame":[33,29],"setor":[22,25,26,23],"class_list":{"0":"post-394","1":"product","2":"type-product","3":"status-publish","4":"has-post-thumbnail","6":"product_cat-linha-carbopremium","7":"vasilhame-garrafa-pet","8":"vasilhame-garrafas-de-vidro","9":"setor-agua-com-gas","10":"setor-cerveja","11":"setor-espumante","12":"setor-refrigerante","14":"first","15":"instock","16":"shipping-taxable","17":"purchasable","18":"product-type-simple"},"_links":{"self":[{"href":"https:\/\/carbonatech.com.br\/es\/wp-json\/wp\/v2\/product\/394","targetHints":{"allow":["GET"]}}],"collection":[{"href":"https:\/\/carbonatech.com.br\/es\/wp-json\/wp\/v2\/product"}],"about":[{"href":"https:\/\/carbonatech.com.br\/es\/wp-json\/wp\/v2\/types\/product"}],"version-history":[{"count":1,"href":"https:\/\/carbonatech.com.br\/es\/wp-json\/wp\/v2\/product\/394\/revisions"}],"predecessor-version":[{"id":3692,"href":"https:\/\/carbonatech.com.br\/es\/wp-json\/wp\/v2\/product\/394\/revisions\/3692"}],"wp:featuredmedia":[{"embeddable":true,"href":"https:\/\/carbonatech.com.br\/es\/wp-json\/wp\/v2\/media\/3778"}],"wp:attachment":[{"href":"https:\/\/carbonatech.com.br\/es\/wp-json\/wp\/v2\/media?parent=394"}],"wp:term":[{"taxonomy":"product_brand","embeddable":true,"href":"https:\/\/carbonatech.com.br\/es\/wp-json\/wp\/v2\/product_brand?post=394"},{"taxonomy":"product_cat","embeddable":true,"href":"https:\/\/carbonatech.com.br\/es\/wp-json\/wp\/v2\/product_cat?post=394"},{"taxonomy":"product_tag","embeddable":true,"href":"https:\/\/carbonatech.com.br\/es\/wp-json\/wp\/v2\/product_tag?post=394"},{"taxonomy":"vasilhame","embeddable":true,"href":"https:\/\/carbonatech.com.br\/es\/wp-json\/wp\/v2\/vasilhame?post=394"},{"taxonomy":"setor","embeddable":true,"href":"https:\/\/carbonatech.com.br\/es\/wp-json\/wp\/v2\/setor?post=394"}],"curies":[{"name":"wp","href":"https:\/\/api.w.org\/{rel}","templated":true}]}}