{"id":3919,"date":"2025-03-10T17:15:36","date_gmt":"2025-03-10T20:15:36","guid":{"rendered":"https:\/\/carbonatech.com.br\/?post_type=product&#038;p=3919"},"modified":"2025-04-03T08:15:59","modified_gmt":"2025-04-03T11:15:59","slug":"canflow4","status":"publish","type":"product","link":"https:\/\/carbonatech.com.br\/es\/producto\/canflow4\/","title":{"rendered":"CANFLOW4"},"content":{"rendered":"<p><span style=\"font-weight: 400;\">A <\/span><b>CANFLOW4<\/b><span style=\"font-weight: 400;\">, desenvolvida pela <\/span><b>CarbonaTech<\/b><span style=\"font-weight: 400;\">, \u00e9 a escolha ideal para quem busca um envase <\/span><b>eficiente, preciso e com m\u00ednima incorpora\u00e7\u00e3o de oxig\u00eanio<\/b><span style=\"font-weight: 400;\">. Equipada com a <\/span><b>2\u00aa gera\u00e7\u00e3o do sistema de envase por fluxo laminar<\/b><span style=\"font-weight: 400;\">, oferece m\u00e1xima qualidade, mobilidade e sustentabilidade.<\/span><\/p>","protected":false},"excerpt":{"rendered":"<ul>\n<li><b>Sistema de envase por fluxo laminar de 2\u00aa gera\u00e7\u00e3o<\/b><span style=\"font-weight: 400;\"> \u2013<\/span><span style=\"font-weight: 400;\"> Controle total do fluxo para um envase est\u00e1vel e eficiente<\/span><\/li>\n<li><b>Medidores de fluxo de alta precis\u00e3o em cada v\u00e1lvula<\/b><span style=\"font-weight: 400;\"> \u2013<\/span><span style=\"font-weight: 400;\"> Garantia de envase exato, reduzindo desperd\u00edcios.<\/span><span style=\"font-weight: 400;\"><br \/>\n<\/span><\/li>\n<li><b>Menor incorpora\u00e7\u00e3o de oxig\u00eanio (10 a 15 PPB\u2019s)<\/b><span style=\"font-weight: 400;\"> \u2013 Preserva a qualidade de bebidas sens\u00edveis \u00e0 oxida\u00e7\u00e3o<\/span><\/li>\n<li>\u00a0<b>Envase direto dos tanques<\/b><span style=\"font-weight: 400;\"> \u2013 Processo cont\u00ednuo, eliminando etapas desnecess\u00e1rias e aumentando a efici\u00eancia<\/span><\/li>\n<li><b>Compacta e m\u00f3vel<\/b><span style=\"font-weight: 400;\"> \u2013 Dimens\u00f5es de apenas <\/span><b>1630 x 1000 mm<\/b><span style=\"font-weight: 400;\">, ocupando pouco espa\u00e7o e facilitando a locomo\u00e7\u00e3o.<\/span><span style=\"font-weight: 400;\"><br \/>\n<\/span><\/li>\n<li><b>Recravamento de alta qualidade<\/b><span style=\"font-weight: 400;\"> \u2013 <\/span><b>Sele\u00e7\u00e3o autom\u00e1tica de tampas<\/b><span style=\"font-weight: 400;\"> e <\/span><b>recravamento em 2 est\u00e1gios com ferramental italiano<\/b><span style=\"font-weight: 400;\"> para um fechamento seguro.<\/span><span style=\"font-weight: 400;\"><br \/>\n<\/span><\/li>\n<li><b>Constru\u00e7\u00e3o em a\u00e7o inoxid\u00e1vel<\/b><span style=\"font-weight: 400;\"> \u2013 Alta durabilidade, resist\u00eancia e conformidade com normas sanit\u00e1rias.<\/span><span style=\"font-weight: 400;\"><br \/>\n<\/span><\/li>\n<\/ul>","protected":false},"featured_media":3920,"parent":0,"template":"","meta":[],"product_brand":[],"product_cat":[96],"product_tag":[],"vasilhame":[30],"setor":[25,22,23,39],"class_list":{"0":"post-3919","1":"product","2":"type-product","3":"status-publish","4":"has-post-thumbnail","6":"product_cat-linha-ona","7":"vasilhame-latas-de-aluminio","8":"setor-cerveja","9":"setor-agua-com-gas","10":"setor-refrigerante","11":"setor-suco","13":"first","14":"instock","15":"shipping-taxable","16":"product-type-simple"},"_links":{"self":[{"href":"https:\/\/carbonatech.com.br\/es\/wp-json\/wp\/v2\/product\/3919","targetHints":{"allow":["GET"]}}],"collection":[{"href":"https:\/\/carbonatech.com.br\/es\/wp-json\/wp\/v2\/product"}],"about":[{"href":"https:\/\/carbonatech.com.br\/es\/wp-json\/wp\/v2\/types\/product"}],"version-history":[{"count":1,"href":"https:\/\/carbonatech.com.br\/es\/wp-json\/wp\/v2\/product\/3919\/revisions"}],"predecessor-version":[{"id":3927,"href":"https:\/\/carbonatech.com.br\/es\/wp-json\/wp\/v2\/product\/3919\/revisions\/3927"}],"wp:featuredmedia":[{"embeddable":true,"href":"https:\/\/carbonatech.com.br\/es\/wp-json\/wp\/v2\/media\/3920"}],"wp:attachment":[{"href":"https:\/\/carbonatech.com.br\/es\/wp-json\/wp\/v2\/media?parent=3919"}],"wp:term":[{"taxonomy":"product_brand","embeddable":true,"href":"https:\/\/carbonatech.com.br\/es\/wp-json\/wp\/v2\/product_brand?post=3919"},{"taxonomy":"product_cat","embeddable":true,"href":"https:\/\/carbonatech.com.br\/es\/wp-json\/wp\/v2\/product_cat?post=3919"},{"taxonomy":"product_tag","embeddable":true,"href":"https:\/\/carbonatech.com.br\/es\/wp-json\/wp\/v2\/product_tag?post=3919"},{"taxonomy":"vasilhame","embeddable":true,"href":"https:\/\/carbonatech.com.br\/es\/wp-json\/wp\/v2\/vasilhame?post=3919"},{"taxonomy":"setor","embeddable":true,"href":"https:\/\/carbonatech.com.br\/es\/wp-json\/wp\/v2\/setor?post=3919"}],"curies":[{"name":"wp","href":"https:\/\/api.w.org\/{rel}","templated":true}]}}