{"id":3876,"date":"2025-03-10T15:31:11","date_gmt":"2025-03-10T18:31:11","guid":{"rendered":"https:\/\/carbonatech.com.br\/?post_type=product&#038;p=3876"},"modified":"2025-07-31T10:29:02","modified_gmt":"2025-07-31T13:29:02","slug":"3876-2","status":"publish","type":"product","link":"https:\/\/carbonatech.com.br\/es\/producto\/3876-2\/","title":{"rendered":"ISOCAN4"},"content":{"rendered":"<p><span style=\"font-weight: 400;\">A <\/span><b>CarbonaTech<\/b><span style=\"font-weight: 400;\"> apresenta a <\/span><b>ISOCAN4<\/b><span style=\"font-weight: 400;\">, a solu\u00e7\u00e3o definitiva para quem busca <\/span><b>m\u00e1xima precis\u00e3o, efici\u00eancia e versatilidade<\/b><span style=\"font-weight: 400;\"> no envase de bebidas. Equipada com o <\/span><b>exclusivo sistema de envase isoeletr\u00f4nico<\/b><span style=\"font-weight: 400;\">, a ISOCAN4 redefine os padr\u00f5es da ind\u00fastria ao unir <\/span><b>tecnologia de ponta, design compacto e sustentabilidade<\/b><span style=\"font-weight: 400;\">.<\/span><\/p>\n<ul>\n<li><b>Precis\u00e3o m\u00e1xima<\/b><span style=\"font-weight: 400;\"> no volume envasado.<\/span><\/li>\n<li><b>Redu\u00e7\u00e3o de desperd\u00edcios<\/b><span style=\"font-weight: 400;\"> e aumento da produtividade<\/span><\/li>\n<li><b>Versatilidade total<\/b><span style=\"font-weight: 400;\"> para envase de qualquer tipo de bebida, incluindo refrigerantes e espumantes de alta carbonata\u00e7\u00e3o.<\/span><\/li>\n<\/ul>","protected":false},"excerpt":{"rendered":"<ul>\n<li style=\"font-weight: 400;\" aria-level=\"1\"><span style=\"font-weight: 400;\">M\u00e1quina produtiva que opera em at\u00e9 20 latas por minuto.<\/span><\/li>\n<li style=\"font-weight: 400;\" aria-level=\"1\"><span style=\"font-weight: 400;\">Precis\u00e3o m\u00e1xima no volume envasado;<\/span><\/li>\n<li style=\"font-weight: 400;\" aria-level=\"1\"><span style=\"font-weight: 400;\">Redu\u00e7\u00e3o de desperd\u00edcios e aumento da produtividade;<\/span><\/li>\n<li style=\"font-weight: 400;\" aria-level=\"1\"><span style=\"font-weight: 400;\">Versatilidade total para envase de qualquer tipo de bebida.<\/span><\/li>\n<\/ul>","protected":false},"featured_media":3908,"parent":0,"template":"","meta":[],"product_brand":[],"product_cat":[96],"product_tag":[],"vasilhame":[30],"setor":[25,24,23],"class_list":{"0":"post-3876","1":"product","2":"type-product","3":"status-publish","4":"has-post-thumbnail","6":"product_cat-linha-ona","7":"vasilhame-latas-de-aluminio","8":"setor-cerveja","9":"setor-energetico","10":"setor-refrigerante","12":"first","13":"instock","14":"shipping-taxable","15":"product-type-simple"},"_links":{"self":[{"href":"https:\/\/carbonatech.com.br\/es\/wp-json\/wp\/v2\/product\/3876","targetHints":{"allow":["GET"]}}],"collection":[{"href":"https:\/\/carbonatech.com.br\/es\/wp-json\/wp\/v2\/product"}],"about":[{"href":"https:\/\/carbonatech.com.br\/es\/wp-json\/wp\/v2\/types\/product"}],"version-history":[{"count":5,"href":"https:\/\/carbonatech.com.br\/es\/wp-json\/wp\/v2\/product\/3876\/revisions"}],"predecessor-version":[{"id":3941,"href":"https:\/\/carbonatech.com.br\/es\/wp-json\/wp\/v2\/product\/3876\/revisions\/3941"}],"wp:featuredmedia":[{"embeddable":true,"href":"https:\/\/carbonatech.com.br\/es\/wp-json\/wp\/v2\/media\/3908"}],"wp:attachment":[{"href":"https:\/\/carbonatech.com.br\/es\/wp-json\/wp\/v2\/media?parent=3876"}],"wp:term":[{"taxonomy":"product_brand","embeddable":true,"href":"https:\/\/carbonatech.com.br\/es\/wp-json\/wp\/v2\/product_brand?post=3876"},{"taxonomy":"product_cat","embeddable":true,"href":"https:\/\/carbonatech.com.br\/es\/wp-json\/wp\/v2\/product_cat?post=3876"},{"taxonomy":"product_tag","embeddable":true,"href":"https:\/\/carbonatech.com.br\/es\/wp-json\/wp\/v2\/product_tag?post=3876"},{"taxonomy":"vasilhame","embeddable":true,"href":"https:\/\/carbonatech.com.br\/es\/wp-json\/wp\/v2\/vasilhame?post=3876"},{"taxonomy":"setor","embeddable":true,"href":"https:\/\/carbonatech.com.br\/es\/wp-json\/wp\/v2\/setor?post=3876"}],"curies":[{"name":"wp","href":"https:\/\/api.w.org\/{rel}","templated":true}]}}