{"id":2575,"date":"2023-03-07T12:01:40","date_gmt":"2023-03-07T15:01:40","guid":{"rendered":"https:\/\/www.carbonatech.com.br\/?post_type=product&#038;p=2575"},"modified":"2024-06-21T08:29:23","modified_gmt":"2024-06-21T11:29:23","slug":"tribloco-rotativa-rp-1000","status":"publish","type":"product","link":"https:\/\/carbonatech.com.br\/es\/producto\/tribloco-rotativa-rp-1000\/","title":{"rendered":"Llenadora Rotativa Tribloque Carbo RP-1000"},"content":{"rendered":"<p>Pensando en brindar a\u00fan m\u00e1s evoluci\u00f3n y crecimiento a los servicios de nuestros clientes, presentamos nuestra nueva l\u00ednea de m\u00e1quinas con sistema de llenado rotativo. Con una producci\u00f3n inicial de 1000 litros\/hora, la RP-1000 dispone de 12 boquillas de enjuague, 12 boquillas de llenado y 4 cabezales para cerrar botellas de PET.<\/p>\n<p><strong>Boquillas de enjuague:<\/strong> 12<br \/>\n<strong>Boquillas de llenado:<\/strong> 12<br \/>\n<strong>Cabezas:<\/strong> 04<\/p>","protected":false},"excerpt":{"rendered":"<ul>\n<li>M\u00e1quina desarrollada para el llenado de botellas de PET;<\/li>\n<li>No se requiere configuraci\u00f3n para diferentes botellas;<\/li>\n<li>Enjuagadora con distribuidor para un sistema completamente sanitario y f\u00e1cil de limpiar;<\/li>\n<li>Sistema de llenado isob\u00e1rico;<\/li>\n<li>Llenado con evacuaci\u00f3n previa y doble olfateo;<\/li>\n<li>Transportador de entrada al sistema de aire;<\/li>\n<li>Enhebrador con sistema de cierre mediante cabezales electromagn\u00e9ticos, con extrema precisi\u00f3n en el ajuste del par;<\/li>\n<li>Posicionamiento de la tapa mediante pick and place;<\/li>\n<li>Clasificador autom\u00e1tico de tapa giratoria;<\/li>\n<li>Transferir gu\u00edas a trav\u00e9s del cuello de botella;<\/li>\n<li>M\u00e1quina completamente cerrada con sensores de seguridad en todas las puertas;<\/li>\n<li>HMI de alta resoluci\u00f3n para programaci\u00f3n de equipos;<\/li>\n<li>Consulta a uno de nuestros t\u00e9cnicos para m\u00e1s informaci\u00f3n sobre este y otros equipos Carbonatech.<\/li>\n<\/ul>\n<p><strong>La l\u00ednea de m\u00e1quinas RP tiene las siguientes configuraciones:<\/strong><br \/>\n<strong>12\/12\/04 &#8211; 18\/18\/06 &#8211; 20\/24\/06<\/strong><\/p>","protected":false},"featured_media":3655,"parent":0,"template":"","meta":[],"product_brand":[],"product_cat":[31],"product_tag":[],"vasilhame":[33],"setor":[22,25,40,24,26,23,39,38],"class_list":{"0":"post-2575","1":"product","2":"type-product","3":"status-publish","4":"has-post-thumbnail","6":"product_cat-linha-carbopremium","7":"vasilhame-garrafa-pet","8":"setor-agua-com-gas","9":"setor-cerveja","10":"setor-destilado","11":"setor-energetico","12":"setor-espumante","13":"setor-refrigerante","14":"setor-suco","15":"setor-vinho","17":"first","18":"instock","19":"shipping-taxable","20":"purchasable","21":"product-type-simple"},"_links":{"self":[{"href":"https:\/\/carbonatech.com.br\/es\/wp-json\/wp\/v2\/product\/2575","targetHints":{"allow":["GET"]}}],"collection":[{"href":"https:\/\/carbonatech.com.br\/es\/wp-json\/wp\/v2\/product"}],"about":[{"href":"https:\/\/carbonatech.com.br\/es\/wp-json\/wp\/v2\/types\/product"}],"version-history":[{"count":2,"href":"https:\/\/carbonatech.com.br\/es\/wp-json\/wp\/v2\/product\/2575\/revisions"}],"predecessor-version":[{"id":3471,"href":"https:\/\/carbonatech.com.br\/es\/wp-json\/wp\/v2\/product\/2575\/revisions\/3471"}],"wp:featuredmedia":[{"embeddable":true,"href":"https:\/\/carbonatech.com.br\/es\/wp-json\/wp\/v2\/media\/3655"}],"wp:attachment":[{"href":"https:\/\/carbonatech.com.br\/es\/wp-json\/wp\/v2\/media?parent=2575"}],"wp:term":[{"taxonomy":"product_brand","embeddable":true,"href":"https:\/\/carbonatech.com.br\/es\/wp-json\/wp\/v2\/product_brand?post=2575"},{"taxonomy":"product_cat","embeddable":true,"href":"https:\/\/carbonatech.com.br\/es\/wp-json\/wp\/v2\/product_cat?post=2575"},{"taxonomy":"product_tag","embeddable":true,"href":"https:\/\/carbonatech.com.br\/es\/wp-json\/wp\/v2\/product_tag?post=2575"},{"taxonomy":"vasilhame","embeddable":true,"href":"https:\/\/carbonatech.com.br\/es\/wp-json\/wp\/v2\/vasilhame?post=2575"},{"taxonomy":"setor","embeddable":true,"href":"https:\/\/carbonatech.com.br\/es\/wp-json\/wp\/v2\/setor?post=2575"}],"curies":[{"name":"wp","href":"https:\/\/api.w.org\/{rel}","templated":true}]}}