{"id":1800,"date":"2021-10-24T16:26:15","date_gmt":"2021-10-24T19:26:15","guid":{"rendered":"https:\/\/nomadestudiocriativo.com.br\/carbonatech\/?post_type=product&#038;p=1800"},"modified":"2023-02-25T13:05:13","modified_gmt":"2023-02-25T16:05:13","slug":"lavadora-de-barril-automatica-double-carbo-ld-40","status":"publish","type":"product","link":"https:\/\/carbonatech.com.br\/es\/producto\/lavadora-de-barril-automatica-double-carbo-ld-40\/","title":{"rendered":"Lavavajillas autom\u00e1ticas Double Carbo LD-40"},"content":{"rendered":"<p>Lavadora con tanques de sodio calentado y \u00e1cido perac\u00e9tico.<\/p>\n<p>Colocaci\u00f3n del barril de forma manual, ciclo de forma autom\u00e1tico del principio al final<\/p>\n<p><strong>N\u00famero de v\u00e1lvulas de lavado:<\/strong> 2<\/p>","protected":false},"excerpt":{"rendered":"<p><strong>Caracter\u00edsticas de los materiales estructurales<\/strong><\/p>\n<p>Base estructural inferior en acero inoxidable AISI 304, totalmente recubierta en aceros inoxidables de alto brillo AISI304. Montaje sobre pies con regulaci\u00f3n de altura para ajuste de nivel. Protecciones del equipo en acr\u00edlico de espesor 8mm sin marco en color amarillo.<\/p>\n<p><strong>Funcionamiento<\/strong><\/p>\n<ul>\n<li>Posicionamiento del barril de forma manual, programaci\u00f3n de temperatura del tanque de sodio por IHM touchscreen, programaci\u00f3n de los tiempos y cantidades de ciclos de lavado.<\/li>\n<li>Presurizaci\u00f3n del barril (aire comprimido) para eliminar residuos l\u00edquidos internos;<\/li>\n<li>Enjuague con agua (desechable), pudiendo repetir hasta 3X consecutivamente.<\/li>\n<li>Limpieza con soda caliente (80 \u00b0C) con retorno al dep\u00f3sito.<\/li>\n<li>Enjuague con agua, pudiendo repetir hasta 3x consecutivamente.<\/li>\n<li>Limpieza con \u00e1cido perac\u00e9tico con retorno al dep\u00f3sito;<\/li>\n<li>Injeci\u00f3n de vapor (opcional, generador de vapores no incluido)<\/li>\n<li>presi\u00f3n con CO2;<\/li>\n<li>Ciclo terminado.<\/li>\n<\/ul>","protected":false},"featured_media":2324,"parent":0,"template":"","meta":[],"product_brand":[],"product_cat":[32],"product_tag":[],"vasilhame":[37],"setor":[25],"class_list":{"0":"post-1800","1":"product","2":"type-product","3":"status-publish","4":"has-post-thumbnail","6":"product_cat-linha-de-envase-semiautomatica","7":"vasilhame-barril","8":"setor-cerveja","10":"first","11":"instock","12":"shipping-taxable","13":"purchasable","14":"product-type-simple"},"_links":{"self":[{"href":"https:\/\/carbonatech.com.br\/es\/wp-json\/wp\/v2\/product\/1800","targetHints":{"allow":["GET"]}}],"collection":[{"href":"https:\/\/carbonatech.com.br\/es\/wp-json\/wp\/v2\/product"}],"about":[{"href":"https:\/\/carbonatech.com.br\/es\/wp-json\/wp\/v2\/types\/product"}],"version-history":[{"count":1,"href":"https:\/\/carbonatech.com.br\/es\/wp-json\/wp\/v2\/product\/1800\/revisions"}],"predecessor-version":[{"id":3462,"href":"https:\/\/carbonatech.com.br\/es\/wp-json\/wp\/v2\/product\/1800\/revisions\/3462"}],"wp:featuredmedia":[{"embeddable":true,"href":"https:\/\/carbonatech.com.br\/es\/wp-json\/wp\/v2\/media\/2324"}],"wp:attachment":[{"href":"https:\/\/carbonatech.com.br\/es\/wp-json\/wp\/v2\/media?parent=1800"}],"wp:term":[{"taxonomy":"product_brand","embeddable":true,"href":"https:\/\/carbonatech.com.br\/es\/wp-json\/wp\/v2\/product_brand?post=1800"},{"taxonomy":"product_cat","embeddable":true,"href":"https:\/\/carbonatech.com.br\/es\/wp-json\/wp\/v2\/product_cat?post=1800"},{"taxonomy":"product_tag","embeddable":true,"href":"https:\/\/carbonatech.com.br\/es\/wp-json\/wp\/v2\/product_tag?post=1800"},{"taxonomy":"vasilhame","embeddable":true,"href":"https:\/\/carbonatech.com.br\/es\/wp-json\/wp\/v2\/vasilhame?post=1800"},{"taxonomy":"setor","embeddable":true,"href":"https:\/\/carbonatech.com.br\/es\/wp-json\/wp\/v2\/setor?post=1800"}],"curies":[{"name":"wp","href":"https:\/\/api.w.org\/{rel}","templated":true}]}}