{"id":1776,"date":"2021-10-22T17:18:46","date_gmt":"2021-10-22T20:18:46","guid":{"rendered":"https:\/\/nomadestudiocriativo.com.br\/carbonatech\/?post_type=product&#038;p=1776"},"modified":"2024-06-21T07:57:22","modified_gmt":"2024-06-21T10:57:22","slug":"lavadora-de-barril-automatica-single-ls-20","status":"publish","type":"product","link":"https:\/\/carbonatech.com.br\/es\/producto\/lavadora-de-barril-automatica-single-ls-20\/","title":{"rendered":"Lavadora de barril autom\u00e1tica LS-20"},"content":{"rendered":"<p>Posicionamiento del barril de forma manual;<br \/>\nProgramaci\u00f3n de temperatura del tanque de sodio por la pantalla t\u00e1ctil IHM;<br \/>\nProgramaci\u00f3n de los tiempos y cantidades de ciclos de lavado.<\/p>\n<p><strong>N\u00famero de v\u00e1lvulas de lavado:\u00a0<\/strong>01<\/p>","protected":false},"excerpt":{"rendered":"<p><strong>Ciclos :<\/strong><\/p>\n<ul>\n<li>Presurizaci\u00f3n del barril (aire comprimido) para eliminar residuos l\u00edquidos internos;<\/li>\n<li>Enjuague con agua (desechable)<\/li>\n<li>Limpieza con soda caliente (60 \u00b0C) con retorno al dep\u00f3sito.<\/li>\n<li>enjuague con agua;<\/li>\n<li>Limpieza con \u00e1cido perac\u00e9tico con retorno al dep\u00f3sito;<\/li>\n<li>Sistema exclusivo de flush<\/li>\n<li>limpieza de ox\u00edgeno;<\/li>\n<li>presi\u00f3n con CO2;<\/li>\n<li>Ciclo terminado.<\/li>\n<\/ul>","protected":false},"featured_media":3644,"parent":0,"template":"","meta":[],"product_brand":[],"product_cat":[32],"product_tag":[],"vasilhame":[37],"setor":[25],"class_list":{"0":"post-1776","1":"product","2":"type-product","3":"status-publish","4":"has-post-thumbnail","6":"product_cat-linha-de-envase-semiautomatica","7":"vasilhame-barril","8":"setor-cerveja","10":"first","11":"instock","12":"shipping-taxable","13":"purchasable","14":"product-type-simple"},"_links":{"self":[{"href":"https:\/\/carbonatech.com.br\/es\/wp-json\/wp\/v2\/product\/1776","targetHints":{"allow":["GET"]}}],"collection":[{"href":"https:\/\/carbonatech.com.br\/es\/wp-json\/wp\/v2\/product"}],"about":[{"href":"https:\/\/carbonatech.com.br\/es\/wp-json\/wp\/v2\/types\/product"}],"version-history":[{"count":1,"href":"https:\/\/carbonatech.com.br\/es\/wp-json\/wp\/v2\/product\/1776\/revisions"}],"predecessor-version":[{"id":3645,"href":"https:\/\/carbonatech.com.br\/es\/wp-json\/wp\/v2\/product\/1776\/revisions\/3645"}],"wp:featuredmedia":[{"embeddable":true,"href":"https:\/\/carbonatech.com.br\/es\/wp-json\/wp\/v2\/media\/3644"}],"wp:attachment":[{"href":"https:\/\/carbonatech.com.br\/es\/wp-json\/wp\/v2\/media?parent=1776"}],"wp:term":[{"taxonomy":"product_brand","embeddable":true,"href":"https:\/\/carbonatech.com.br\/es\/wp-json\/wp\/v2\/product_brand?post=1776"},{"taxonomy":"product_cat","embeddable":true,"href":"https:\/\/carbonatech.com.br\/es\/wp-json\/wp\/v2\/product_cat?post=1776"},{"taxonomy":"product_tag","embeddable":true,"href":"https:\/\/carbonatech.com.br\/es\/wp-json\/wp\/v2\/product_tag?post=1776"},{"taxonomy":"vasilhame","embeddable":true,"href":"https:\/\/carbonatech.com.br\/es\/wp-json\/wp\/v2\/vasilhame?post=1776"},{"taxonomy":"setor","embeddable":true,"href":"https:\/\/carbonatech.com.br\/es\/wp-json\/wp\/v2\/setor?post=1776"}],"curies":[{"name":"wp","href":"https:\/\/api.w.org\/{rel}","templated":true}]}}