{"id":1549,"date":"2021-10-22T15:27:29","date_gmt":"2021-10-22T18:27:29","guid":{"rendered":"https:\/\/nomadestudiocriativo.com.br\/carbonatech\/?post_type=product&#038;p=1549"},"modified":"2024-06-21T07:59:51","modified_gmt":"2024-06-21T10:59:51","slug":"carbo-d6000","status":"publish","type":"product","link":"https:\/\/carbonatech.com.br\/es\/producto\/carbo-d6000\/","title":{"rendered":"M\u00e1quina Despaletizadora Autom\u00e1tica Carbo D-6000"},"content":{"rendered":"<p><strong>Econom\u00eda<\/strong><\/p>\n<p>Equipo construido con gran optimizaci\u00f3n del espacio, ocupando el espacio ligeramente mayor de un pallet.<\/p>\n<p><strong>Conectado<\/strong><\/p>\n<p>M\u00e1quina fabricada para la industria 4.0 con acceso remoto v\u00eda celular, tablet o computadora. Con generaci\u00f3n de informes de llenado y seguimiento real de la producci\u00f3n.<\/p>\n<p><strong>\u200bCarboConnect<\/strong><\/p>\n<p>Sistema de integraci\u00f3n CarboConnect, donde los equipos hablan entre s\u00ed para obtener el mayor rendimiento posible.<\/p>","protected":false},"excerpt":{"rendered":"<ul>\n<li>Despaletizador autom\u00e1tico de latas;<\/li>\n<li>Estructura en acero al carbono con pintura epoxi;<\/li>\n<li>Puerta de inserci\u00f3n de pallets con soporte para divisores de cart\u00f3n;<\/li>\n<li>Extracci\u00f3n del divisor autom\u00e1tico mediante sistema de ventosa;<\/li>\n<li>Altura del palet regulada mediante sensor ultras\u00f3nico;<\/li>\n<li>Sensor de acumulaci\u00f3n de presencia en el transportador de bajada;<\/li>\n<li>Regla de extracci\u00f3n de latas servoaccionada;<\/li>\n<li>Panel de control con pantalla t\u00e1ctil HMI.<\/li>\n<\/ul>","protected":false},"featured_media":3646,"parent":0,"template":"","meta":[],"product_brand":[],"product_cat":[31],"product_tag":[],"vasilhame":[30],"setor":[28],"class_list":{"0":"post-1549","1":"product","2":"type-product","3":"status-publish","4":"has-post-thumbnail","6":"product_cat-linha-carbopremium","7":"vasilhame-latas-de-aluminio","8":"setor-despaletizacao","10":"first","11":"instock","12":"shipping-taxable","13":"purchasable","14":"product-type-simple"},"_links":{"self":[{"href":"https:\/\/carbonatech.com.br\/es\/wp-json\/wp\/v2\/product\/1549","targetHints":{"allow":["GET"]}}],"collection":[{"href":"https:\/\/carbonatech.com.br\/es\/wp-json\/wp\/v2\/product"}],"about":[{"href":"https:\/\/carbonatech.com.br\/es\/wp-json\/wp\/v2\/types\/product"}],"version-history":[{"count":1,"href":"https:\/\/carbonatech.com.br\/es\/wp-json\/wp\/v2\/product\/1549\/revisions"}],"predecessor-version":[{"id":3647,"href":"https:\/\/carbonatech.com.br\/es\/wp-json\/wp\/v2\/product\/1549\/revisions\/3647"}],"wp:featuredmedia":[{"embeddable":true,"href":"https:\/\/carbonatech.com.br\/es\/wp-json\/wp\/v2\/media\/3646"}],"wp:attachment":[{"href":"https:\/\/carbonatech.com.br\/es\/wp-json\/wp\/v2\/media?parent=1549"}],"wp:term":[{"taxonomy":"product_brand","embeddable":true,"href":"https:\/\/carbonatech.com.br\/es\/wp-json\/wp\/v2\/product_brand?post=1549"},{"taxonomy":"product_cat","embeddable":true,"href":"https:\/\/carbonatech.com.br\/es\/wp-json\/wp\/v2\/product_cat?post=1549"},{"taxonomy":"product_tag","embeddable":true,"href":"https:\/\/carbonatech.com.br\/es\/wp-json\/wp\/v2\/product_tag?post=1549"},{"taxonomy":"vasilhame","embeddable":true,"href":"https:\/\/carbonatech.com.br\/es\/wp-json\/wp\/v2\/vasilhame?post=1549"},{"taxonomy":"setor","embeddable":true,"href":"https:\/\/carbonatech.com.br\/es\/wp-json\/wp\/v2\/setor?post=1549"}],"curies":[{"name":"wp","href":"https:\/\/api.w.org\/{rel}","templated":true}]}}