{"id":789,"date":"2021-09-16T16:55:22","date_gmt":"2021-09-16T19:55:22","guid":{"rendered":"https:\/\/nomadestudiocriativo.com.br\/carbonatech\/?post_type=product&#038;p=789"},"modified":"2024-08-16T17:20:48","modified_gmt":"2024-08-16T20:20:48","slug":"maquina-automatica-latas-carbol1200","status":"publish","type":"product","link":"https:\/\/carbonatech.com.br\/en\/product\/maquina-automatica-latas-carbol1200\/","title":{"rendered":"Automatic Triblock Machine for Carbo L-1200 Cans"},"content":{"rendered":"<p>The operator only needs to fill the cans and remove them at the end of the filling line.\u200b<\/p>\n<p><strong>Number of rinse valves:<\/strong> 04<br \/>\n<strong>Number of fill valves:<\/strong> 04<br \/>\n<strong>Number of seamers:<\/strong> 01<\/p>\n<p><strong>Technology<br \/>\n<\/strong>Laminar flow filling system with high performance, ensuring less oxygenation and less carbonation loss of your product.<\/p>\n<p>\u200b<strong>Connected<br \/>\n<\/strong>Machine made for industry 4.0 with remote access via cell phone, tablet or computer. With generation of filling reports and real production monitoring.<\/p>\n<p>\u200b<strong>watertight<br \/>\n<\/strong>The only equipment on the market with watertight closure, eliminating the need for a filling room, also prepared with laminar CO\u00b2 flow.<\/p>","protected":false},"excerpt":{"rendered":"<h5 class=\"font_8\">Rinser<\/h5>\n<ul>\n<li class=\"font_8\">4 rinsing nozzles with electromechanical turner<\/li>\n<li class=\"font_8\">Rinser activation via presence sensor<\/li>\n<li class=\"font_8\">Operator programmable rinsing and draining times<\/li>\n<li class=\"font_8\">Pode ser usado \u00e1cido perac\u00e9tico, oz\u00f4nio ou \u00e1lcool para limpeza das garrafas<\/li>\n<\/ul>\n<h5 class=\"font_8\">Filling machine with exclusive Laminar Flow System<\/h5>\n<ul>\n<li class=\"font_8\">Tri-block container for cans (Rinser\/Filling\/Seamer);<\/li>\n<li class=\"font_8\">Base in carbon steel SAE 1020 painted in epoxy and top coating in AISI 304 stainless steel polished to gloss;<\/li>\n<li class=\"font_8\">Watertight machine with waiting for inert gas flow system;<\/li>\n<li class=\"font_8\">4 laminar flow filling valves, made of AISI 304 stainless steel, engineering plastics and gaskets made of non-toxic material.<\/li>\n<li class=\"font_8\">The laminar flow filling system does not require a reservoir tank for filling, providing significant CO2 savings and a lower risk of beer contamination;<\/li>\n<li class=\"font_8\">CO2 purge before starting filling, with time and pressure programmed by the operator, so that there is no risk of beer oxidation;<\/li>\n<li class=\"font_8\">Submerged filling, which provides a lower risk of DO incorporation into beer;<\/li>\n<li class=\"font_8\">Completion of the filling process carried out by a digital level sensor, which guarantees that the entire can is at the same level;<\/li>\n<li class=\"font_8\">Exclusive inspection lamp activated automatically at the time of filling;<\/li>\n<li class=\"font_8\">Very low level of DO in the final product;<\/li>\n<li class=\"font_8\">High production, almost 3X faster than the isobaric system, due to the laminar flow filling system.<\/li>\n<\/ul>\n<h5 class=\"font_8\">Automatic seamer<\/h5>\n<ul>\n<li class=\"font_8\">1 Seaming head with electropneumatic drive;<\/li>\n<li class=\"font_8\">Crimping done in 2 stages with 2 crimping rollers;<\/li>\n<li class=\"font_8\">Electric height adjustment made through the HMI, for various types of cans;<\/li>\n<li class=\"font_8\">Drawer pneumatic lid selector, with supply via tower;<\/li>\n<li class=\"font_8\">Activation of the seamer made by presence sensor, only works when the can has the lid on;<\/li>\n<li class=\"font_8\">Positioning of cans made by pneumatic cylinders;<\/li>\n<li class=\"font_8\">Crimping rollers made of stainless steel with vacuum hardening and polishing of the crimping profiles;<\/li>\n<\/ul>","protected":false},"featured_media":3654,"parent":0,"template":"","meta":[],"product_brand":[],"product_cat":[31],"product_tag":[],"vasilhame":[30],"setor":[25,24,26,23,38],"class_list":{"0":"post-789","1":"product","2":"type-product","3":"status-publish","4":"has-post-thumbnail","6":"product_cat-linha-carbopremium","7":"vasilhame-latas-de-aluminio","8":"setor-cerveja","9":"setor-energetico","10":"setor-espumante","11":"setor-refrigerante","12":"setor-vinho","14":"first","15":"instock","16":"shipping-taxable","17":"purchasable","18":"product-type-simple"},"_links":{"self":[{"href":"https:\/\/carbonatech.com.br\/en\/wp-json\/wp\/v2\/product\/789","targetHints":{"allow":["GET"]}}],"collection":[{"href":"https:\/\/carbonatech.com.br\/en\/wp-json\/wp\/v2\/product"}],"about":[{"href":"https:\/\/carbonatech.com.br\/en\/wp-json\/wp\/v2\/types\/product"}],"version-history":[{"count":2,"href":"https:\/\/carbonatech.com.br\/en\/wp-json\/wp\/v2\/product\/789\/revisions"}],"predecessor-version":[{"id":3504,"href":"https:\/\/carbonatech.com.br\/en\/wp-json\/wp\/v2\/product\/789\/revisions\/3504"}],"wp:featuredmedia":[{"embeddable":true,"href":"https:\/\/carbonatech.com.br\/en\/wp-json\/wp\/v2\/media\/3654"}],"wp:attachment":[{"href":"https:\/\/carbonatech.com.br\/en\/wp-json\/wp\/v2\/media?parent=789"}],"wp:term":[{"taxonomy":"product_brand","embeddable":true,"href":"https:\/\/carbonatech.com.br\/en\/wp-json\/wp\/v2\/product_brand?post=789"},{"taxonomy":"product_cat","embeddable":true,"href":"https:\/\/carbonatech.com.br\/en\/wp-json\/wp\/v2\/product_cat?post=789"},{"taxonomy":"product_tag","embeddable":true,"href":"https:\/\/carbonatech.com.br\/en\/wp-json\/wp\/v2\/product_tag?post=789"},{"taxonomy":"vasilhame","embeddable":true,"href":"https:\/\/carbonatech.com.br\/en\/wp-json\/wp\/v2\/vasilhame?post=789"},{"taxonomy":"setor","embeddable":true,"href":"https:\/\/carbonatech.com.br\/en\/wp-json\/wp\/v2\/setor?post=789"}],"curies":[{"name":"wp","href":"https:\/\/api.w.org\/{rel}","templated":true}]}}